{"id":3399,"date":"2019-02-27T15:49:04","date_gmt":"2019-02-27T15:49:04","guid":{"rendered":"https:\/\/helliston.eu\/om-oss\/"},"modified":"2020-07-01T11:33:13","modified_gmt":"2020-07-01T11:33:13","slug":"om-oss","status":"publish","type":"page","link":"https:\/\/helliston.eu\/sv\/om-oss\/","title":{"rendered":"Om oss"},"content":{"rendered":"\n\t<section class=\"section\" id=\"section_1959482403\">\n\t\t<div class=\"section-bg fill\" >\n\t\t\t\t\t\t\t\t\t\n\t\t\t\n\n\t\t<\/div>\n\n\t\t\n\n\t\t<div class=\"section-content relative\">\n\t\t\t\n<div class=\"row align-center\"  id=\"row-1975371441\">\n\n\t<div id=\"col-499895377\" class=\"col medium-9 small-10 large-9\"  >\n\t\t\t\t<div class=\"col-inner text-center\"  >\n\t\t\t\n\t\t\t\n<h1 class=\"uppercase\"><strong>V\u00e5rt familjef\u00f6retag<br \/><\/strong><\/h1>\n<p>grundades 2002. V\u00e5r huvudverksamhet \u00e4r restaurering av gamla tr\u00e4f\u00f6nster och -d\u00f6rrar (<a href=\"http:\/\/www.helliston.ee\/en\/\" target=\"_blank\" rel=\"noopener noreferrer\">se h\u00e4r<\/a>). V\u00e5r webbutik baserar sig p\u00e5 de produkter vi sj\u00e4lva beh\u00f6ver och varje dag anv\u00e4nder i v\u00e5r renoveringsverkstad.<\/p>\n\t\t<\/div>\n\t\t\t\t\t<\/div>\n\n\t\n<\/div>\n\t\t<\/div>\n\n\t\t\n<style>\n#section_1959482403 {\n  padding-top: 30px;\n  padding-bottom: 30px;\n}\n<\/style>\n\t<\/section>\n\t\n\n\t<section class=\"section\" id=\"section_1021941487\">\n\t\t<div class=\"section-bg fill\" >\n\t\t\t\t\t\t\t\t\t\n\t\t\t\n\n\t\t<\/div>\n\n\t\t\n\n\t\t<div class=\"section-content relative\">\n\t\t\t\n<div class=\"row align-center\"  id=\"row-1523960710\">\n\n\t<div id=\"col-487443716\" class=\"col medium-10 small-12 large-10\"  >\n\t\t\t\t<div class=\"col-inner\"  >\n\t\t\t\n\t\t\t\n<h1 style=\"text-align: center;\"><span style=\"font-size: 130%;\">Vad g\u00f6r vi?<br \/><\/span><\/h1>\n<p style=\"text-align: center;\"><span style=\"font-size: 95%;\">Vi direkttillverkar olika slags hyvelst\u00e5l och annan utrustning f\u00f6r tr\u00e4bearbetning, som vi eller v\u00e5ra samarbetspartner beh\u00f6ver i v\u00e5rt dagliga arbete. I v\u00e5r webbutik kan du till exempel hitta f\u00f6ljande varor: <strong>h\u00e5rdmetallsk\u00e4r till f\u00e4rgskrapa<\/strong> (till Bahco, Sandvik, Stoch, Techno, Allway etc),\u00a0<strong>hyvelknivar<\/strong> (till Makita, Bosch, Skil, Ryobi, Holz-Her etc), <strong>hyvelst\u00e5l till rikthyvel och planhyvel <\/strong>(till Makita, Metabo, Scheppach, Zipper, Woodstar etc.) <strong>vandsk\u00e4r till fr\u00e4sar<\/strong>, <strong>slipband<\/strong> till Makita 9031, Metabo RBE 9-60, Fein RS 10-70E, or <strong>reservblad till Handy f\u00e4rgskrapa <\/strong>etc.<br \/><\/span><\/p>\n\t\t<\/div>\n\t\t\t\t\t<\/div>\n\n\t\n<\/div>\n\t\t<\/div>\n\n\t\t\n<style>\n#section_1021941487 {\n  padding-top: 30px;\n  padding-bottom: 30px;\n  background-color: rgba(167, 169, 171, 0.16);\n}\n<\/style>\n\t<\/section>\n\t\n\n\t<section class=\"section\" id=\"section_731920289\">\n\t\t<div class=\"section-bg fill\" >\n\t\t\t\t\t\t\t\t\t<div class=\"section-bg-overlay absolute fill\"><\/div>\n\t\t\t\n\n\t\t<\/div>\n\n\t\t\n\n\t\t<div class=\"section-content relative\">\n\t\t\t\n<div class=\"row\"  id=\"row-297612456\">\n\n\t<div id=\"col-1158978378\" class=\"col medium-4 small-12 large-4\"  >\n\t\t\t\t<div class=\"col-inner box-shadow-3\"  >\n\t\t\t\n\t\t\t\n\n  <div class=\"banner has-hover\" id=\"banner-1823619799\">\n          <div class=\"banner-inner fill\">\n        <div class=\"banner-bg fill\" >\n                                                \n\t<div class=\"is-border\"\n\t\tstyle=\"border-width:2px 2px 2px 2px;margin:0px 0px 0px 0px;\">\n\t<\/div>\n                    <\/div>\n\t\t\n        <div class=\"banner-layers container\">\n            <div class=\"fill banner-link\"><\/div>            \n   <div id=\"text-box-934901513\" class=\"text-box banner-layer x50 md-x50 lg-x50 y50 md-y15 lg-y15 res-text\">\n                                <div class=\"text-box-content text \">\n              \n              <div class=\"text-inner text-center\">\n                  \n<h1><strong>HISTORIA<\/strong><\/h1>\n<p style=\"text-align: left;\"><span style=\"font-size: 175%;\">Heliston O\u00dc grundades 2002 i P\u00e4rnu. V\u00e5r huvudverksamhet \u00e4r renovering av gamla tr\u00e4f\u00f6nster och -d\u00f6rrar. 2017 b\u00f6rjade vi importera s\u00e5dan utrustning som vi beh\u00f6vde i v\u00e5rt eget dagliga arbete. Vi \u00f6ppnade en liten butik p\u00e5 v\u00e5r f\u00f6rsta webbplats (<a href=\"http:\/\/www.helliston.ee\/en\">se h\u00e4r<\/a>). Samtidigt b\u00f6rjade vi \u00e4ven att s\u00e4lja via Amazon och Ebay. Ganska snart stod det klart att vi beh\u00f6vde en ny webbutik f\u00f6r sig med inriktning p\u00e5 det varum\u00e4rke vi utvecklar. Den nuvarande webbutiken \u00f6ppnade vi i b\u00f6rjan av 2019<\/span><\/p>\n              <\/div>\n           <\/div>\n                            \n<style>\n#text-box-934901513 {\n  width: 87%;\n}\n#text-box-934901513 .text-box-content {\n  font-size: 100%;\n}\n@media (min-width:550px) {\n  #text-box-934901513 {\n    width: 76%;\n  }\n}\n<\/style>\n    <\/div>\n \n        <\/div>\n      <\/div>\n\n            \n<style>\n#banner-1823619799 {\n  padding-top: 645px;\n  background-color: rgb(255, 255, 255);\n}\n@media (min-width:550px) {\n  #banner-1823619799 {\n    padding-top: 585px;\n  }\n}\n<\/style>\n  <\/div>\n\n\n\t\t<\/div>\n\t\t\t\t\t<\/div>\n\n\t\n\n\t<div id=\"col-769999627\" class=\"col medium-4 small-12 large-4\"  >\n\t\t\t\t<div class=\"col-inner box-shadow-3\"  >\n\t\t\t\n\t\t\t\n\n  <div class=\"banner has-hover\" id=\"banner-143572935\">\n          <div class=\"banner-inner fill\">\n        <div class=\"banner-bg fill\" >\n                                                \n\t<div class=\"is-border\"\n\t\tstyle=\"border-width:2px 2px 2px 2px;\">\n\t<\/div>\n                    <\/div>\n\t\t\n        <div class=\"banner-layers container\">\n            <div class=\"fill banner-link\"><\/div>            \n   <div id=\"text-box-2026172578\" class=\"text-box banner-layer x50 md-x100 lg-x50 y50 md-y10 lg-y15 res-text\">\n                                <div class=\"text-box-content text \">\n              \n              <div class=\"text-inner text-center\">\n                  \n<h1 style=\"text-align: center;\"><strong>KVALITET<\/strong><\/h1>\n<p style=\"text-align: left;\"><span style=\"font-size: 175%;\">Ordet kvalitet anv\u00e4nds ofta, men de varor vi s\u00e4ljer h\u00e4r \u00e4r specialutvecklade och tillverkade i enlighet med v\u00e5ra egna eller v\u00e5ra aff\u00e4rspartners behov och krav p\u00e5 renoverings- och tr\u00e4bearbetningsomr\u00e5det. Vi l\u00e4gger vikt vid metallen, slipningen och de material vi anv\u00e4nder. D\u00e4rf\u00f6r kan vi kan garantera att varorna \u00e4r h\u00e5llbara och av god kvalitet<\/span><\/p>\n              <\/div>\n           <\/div>\n                            \n<style>\n#text-box-2026172578 {\n  width: 87%;\n}\n#text-box-2026172578 .text-box-content {\n  font-size: 100%;\n}\n@media (min-width:550px) {\n  #text-box-2026172578 {\n    width: 72%;\n  }\n}\n<\/style>\n    <\/div>\n \n        <\/div>\n      <\/div>\n\n            \n<style>\n#banner-143572935 {\n  padding-top: 585px;\n  background-color: rgba(255, 255, 255, 0);\n}\n<\/style>\n  <\/div>\n\n\n\t\t<\/div>\n\t\t\t\t\t<\/div>\n\n\t\n\n\t<div id=\"col-1663977157\" class=\"col medium-4 small-12 large-4\"  >\n\t\t\t\t<div class=\"col-inner box-shadow-3\"  >\n\t\t\t\n\t\t\t\n\n  <div class=\"banner has-hover\" id=\"banner-745577107\">\n          <div class=\"banner-inner fill\">\n        <div class=\"banner-bg fill\" >\n                                                \n\t<div class=\"is-border\"\n\t\tstyle=\"border-width:2px 2px 2px 2px;\">\n\t<\/div>\n                    <\/div>\n\t\t\n        <div class=\"banner-layers container\">\n            <div class=\"fill banner-link\"><\/div>            \n   <div id=\"text-box-578202381\" class=\"text-box banner-layer x50 md-x50 lg-x50 y50 md-y15 lg-y15 res-text\">\n                                <div class=\"text-box-content text \">\n              \n              <div class=\"text-inner text-center\">\n                  \n<h1><strong>UTVECKLING<\/strong><\/h1>\n<p style=\"text-align: left;\"><span style=\"font-size: 175%;\">De f\u00f6rsta varorna i v\u00e5rt utbud 2017 var enkla hyvelst\u00e5l. Sedan dess har vi steg f\u00f6r steg breddat v\u00e5rt utbud efter v\u00e5ra samarbetspartners behov. Om du inte hittar det du s\u00f6ker i v\u00e5rt utbud, kan du meddela oss. Kanske den varan en dag dyker upp \u00e4ven i v\u00e5r webbutik.<br \/><\/span><\/p>\n              <\/div>\n           <\/div>\n                            \n<style>\n#text-box-578202381 {\n  width: 85%;\n}\n#text-box-578202381 .text-box-content {\n  font-size: 100%;\n}\n@media (min-width:550px) {\n  #text-box-578202381 {\n    width: 73%;\n  }\n}\n<\/style>\n    <\/div>\n \n        <\/div>\n      <\/div>\n\n            \n<style>\n#banner-745577107 {\n  padding-top: 585px;\n  background-color: rgba(255, 255, 255, 0);\n}\n<\/style>\n  <\/div>\n\n\n\t\t<\/div>\n\t\t\t\t\t<\/div>\n\n\t\n<\/div>\n\t\t<\/div>\n\n\t\t\n<style>\n#section_731920289 {\n  padding-top: 30px;\n  padding-bottom: 30px;\n}\n#section_731920289 .section-bg-overlay {\n  background-color: rgba(255,255,255,.5);\n}\n<\/style>\n\t<\/section>\n\t\n","protected":false},"excerpt":{"rendered":"","protected":false},"author":1,"featured_media":0,"parent":0,"menu_order":0,"comment_status":"closed","ping_status":"closed","template":"page-blank.php","meta":{"footnotes":""},"class_list":["post-3399","page","type-page","status-publish","hentry"],"jetpack_sharing_enabled":true,"_links":{"self":[{"href":"https:\/\/helliston.eu\/sv\/wp-json\/wp\/v2\/pages\/3399","targetHints":{"allow":["GET"]}}],"collection":[{"href":"https:\/\/helliston.eu\/sv\/wp-json\/wp\/v2\/pages"}],"about":[{"href":"https:\/\/helliston.eu\/sv\/wp-json\/wp\/v2\/types\/page"}],"author":[{"embeddable":true,"href":"https:\/\/helliston.eu\/sv\/wp-json\/wp\/v2\/users\/1"}],"replies":[{"embeddable":true,"href":"https:\/\/helliston.eu\/sv\/wp-json\/wp\/v2\/comments?post=3399"}],"version-history":[{"count":5,"href":"https:\/\/helliston.eu\/sv\/wp-json\/wp\/v2\/pages\/3399\/revisions"}],"predecessor-version":[{"id":7104,"href":"https:\/\/helliston.eu\/sv\/wp-json\/wp\/v2\/pages\/3399\/revisions\/7104"}],"wp:attachment":[{"href":"https:\/\/helliston.eu\/sv\/wp-json\/wp\/v2\/media?parent=3399"}],"curies":[{"name":"wp","href":"https:\/\/api.w.org\/{rel}","templated":true}]}}