{"id":9558,"date":"2022-01-20T18:18:25","date_gmt":"2022-01-20T18:18:26","guid":{"rendered":"https:\/\/helliston.eu\/?post_type=product&#038;p=9558"},"modified":"2023-03-17T21:26:24","modified_gmt":"2023-03-17T21:26:24","slug":"hss-lames-fers-de-rabot-degau-258mm-pour-gude-gadh-254-modele-1-258x22x18mm-2-pieces","status":"publish","type":"product","link":"https:\/\/helliston.eu\/fr\/produit\/hss-lames-fers-de-rabot-degau-258mm-pour-gude-gadh-254-modele-1-258x22x18mm-2-pieces\/","title":{"rendered":"Fers de rabot pour G\u00dcDE GADH 254 MOD\u00c8LE 1, HSS, 258x22x1,8mm"},"content":{"rendered":"","protected":false},"excerpt":{"rendered":"<p>Fers de rabot pour le raboteuse-d\u00e9gauchisseuse G\u00dcDE GADH 254 MOD\u00c8LE 1, 258 x 22 x1,8mm. 2 lames\/ paquet. Fabriqu\u00e9 \u00e0 partir d\u2019acier rapide HSS de haute qualit\u00e9, duret\u00e9 Rockwell: 63-64HRC. R\u00e9aff\u00fbtables. Pour plus d\u2019information, voyez plus bas.<\/p>\n<p><span style=\"color: #0000ff;\">NB! Avant d\u2019en acheter, v\u00e9rifiez que les fers sont adapt\u00e9s \u00e0 votre rabot. Comparez par exemple les photos du produit aux fers qui ont \u00e9t\u00e9 fournis avec votre dispositif. En effet, G\u00dcDE GADH 254 a plusieurs mod\u00e8les de rabots. Un mod\u00e8le est con\u00e7u pour les fers de 258x22x1,8 mm (qui a sept trous), un autre mod\u00e8le pour les fers de 261&#215;16,5&#215;1,8 mm (qui a deux trous).<\/span><\/p>\n","protected":false},"featured_media":9188,"template":"","meta":[],"product_brand":[],"product_cat":[817,1282,1154],"product_tag":[4325],"class_list":{"0":"post-9558","1":"product","2":"type-product","3":"status-publish","4":"has-post-thumbnail","6":"product_cat-fers-de-rabot-par-marques","7":"product_cat-pour-raboteuse-degauchisseuse-gude-gadh-254","8":"product_cat-lames-fers-de-degauchisseuse-et-rabot-pour-gude","9":"product_tag-258x22-fr","11":"first","12":"instock","13":"taxable","14":"shipping-taxable","15":"purchasable","16":"product-type-simple"},"jetpack_sharing_enabled":true,"_links":{"self":[{"href":"https:\/\/helliston.eu\/fr\/wp-json\/wp\/v2\/product\/9558","targetHints":{"allow":["GET"]}}],"collection":[{"href":"https:\/\/helliston.eu\/fr\/wp-json\/wp\/v2\/product"}],"about":[{"href":"https:\/\/helliston.eu\/fr\/wp-json\/wp\/v2\/types\/product"}],"wp:featuredmedia":[{"embeddable":true,"href":"https:\/\/helliston.eu\/fr\/wp-json\/wp\/v2\/media\/9188"}],"wp:attachment":[{"href":"https:\/\/helliston.eu\/fr\/wp-json\/wp\/v2\/media?parent=9558"}],"wp:term":[{"taxonomy":"product_brand","embeddable":true,"href":"https:\/\/helliston.eu\/fr\/wp-json\/wp\/v2\/product_brand?post=9558"},{"taxonomy":"product_cat","embeddable":true,"href":"https:\/\/helliston.eu\/fr\/wp-json\/wp\/v2\/product_cat?post=9558"},{"taxonomy":"product_tag","embeddable":true,"href":"https:\/\/helliston.eu\/fr\/wp-json\/wp\/v2\/product_tag?post=9558"}],"curies":[{"name":"wp","href":"https:\/\/api.w.org\/{rel}","templated":true}]}}