{"id":9526,"date":"2022-01-20T17:55:02","date_gmt":"2022-01-20T17:55:04","guid":{"rendered":"https:\/\/helliston.eu\/?post_type=product&#038;p=9526"},"modified":"2023-03-17T21:27:53","modified_gmt":"2023-03-17T21:27:53","slug":"hss-lames-fers-de-rabot-degau-258mm-pour-bernardo-pt-250-258x22x18mm-2-pieces","status":"publish","type":"product","link":"https:\/\/helliston.eu\/fr\/produit\/hss-lames-fers-de-rabot-degau-258mm-pour-bernardo-pt-250-258x22x18mm-2-pieces\/","title":{"rendered":"Fers de rabot pour Bernardo PT-250, HSS, 258x22x1,8mm"},"content":{"rendered":"","protected":false},"excerpt":{"rendered":"<p>Fers de rabot pour le raboteuse-d\u00e9gauchisseuse BERNARDO PT-250, 258 x 22 x1,8mm. 2 lames\/ paquet. Fabriqu\u00e9 \u00e0 partir d\u2019acier rapide HSS de haute qualit\u00e9, duret\u00e9 Rockwell: 63-64HRC. R\u00e9aff\u00fbtables. Pour plus d\u2019information, voyez plus bas.<\/p>\n","protected":false},"featured_media":9188,"template":"","meta":[],"product_brand":[],"product_cat":[1130,817,1207],"product_tag":[4325],"class_list":{"0":"post-9526","1":"product","2":"type-product","3":"status-publish","4":"has-post-thumbnail","6":"product_cat-lames-fers-de-degauchisseuse-et-rabot-pour-bernardo","7":"product_cat-fers-de-rabot-par-marques","8":"product_cat-pour-raboteuse-degauchisseuse-pt-250","9":"product_tag-258x22-fr","11":"first","12":"instock","13":"taxable","14":"shipping-taxable","15":"purchasable","16":"product-type-simple"},"jetpack_sharing_enabled":true,"_links":{"self":[{"href":"https:\/\/helliston.eu\/fr\/wp-json\/wp\/v2\/product\/9526","targetHints":{"allow":["GET"]}}],"collection":[{"href":"https:\/\/helliston.eu\/fr\/wp-json\/wp\/v2\/product"}],"about":[{"href":"https:\/\/helliston.eu\/fr\/wp-json\/wp\/v2\/types\/product"}],"wp:featuredmedia":[{"embeddable":true,"href":"https:\/\/helliston.eu\/fr\/wp-json\/wp\/v2\/media\/9188"}],"wp:attachment":[{"href":"https:\/\/helliston.eu\/fr\/wp-json\/wp\/v2\/media?parent=9526"}],"wp:term":[{"taxonomy":"product_brand","embeddable":true,"href":"https:\/\/helliston.eu\/fr\/wp-json\/wp\/v2\/product_brand?post=9526"},{"taxonomy":"product_cat","embeddable":true,"href":"https:\/\/helliston.eu\/fr\/wp-json\/wp\/v2\/product_cat?post=9526"},{"taxonomy":"product_tag","embeddable":true,"href":"https:\/\/helliston.eu\/fr\/wp-json\/wp\/v2\/product_tag?post=9526"}],"curies":[{"name":"wp","href":"https:\/\/api.w.org\/{rel}","templated":true}]}}