{"id":9449,"date":"2022-01-15T14:45:04","date_gmt":"2022-01-15T14:45:05","guid":{"rendered":"https:\/\/helliston.eu\/?post_type=product&#038;p=9449"},"modified":"2023-03-30T13:42:51","modified_gmt":"2023-03-30T13:42:51","slug":"fers-lames-de-rabot-pour-raboteuse-dewalt-dw733-de7330-type-1-hss-317x25x3mm","status":"publish","type":"product","link":"https:\/\/www.helliston.eu\/fr\/produit\/fers-lames-de-rabot-pour-raboteuse-dewalt-dw733-de7330-type-1-hss-317x25x3mm\/","title":{"rendered":"Fers de rabot pour Dewalt DW733, DE7330 TYPE 1, HSS, 317x25x3mm"},"content":{"rendered":"","protected":false},"excerpt":{"rendered":"<p>HSS Fers de rabot pour raboteuse Dewalt DW733, DE7330, TYPE 1, 317 x 25 x 3mm. 2 lames\/ paquet Fabriqu\u00e9 \u00e0 partir d\u2019acier rapide HSS de haute qualit\u00e9 (duret\u00e9 Rockwell 63+HRC). Les lames sont r\u00e9aff\u00fbtables. Pour plus d\u2019information, voyez plus bas.<\/p>\n<p><span style=\"color: #0000ff;\">Avant de passer commande, veuillez v\u00e9rifier les photos du produit et vos anciennes lames de rabot ! Il existe 2 types de rabots Dewalt DW733. L&rsquo;une des raboteuses n\u00e9cessite des lames de 317x25x3mm (avec 8 trous), l&rsquo;autre des lames de 318x19x3mm (avec 2 trous).<\/span><\/p>\n","protected":false},"featured_media":9455,"template":"","meta":[],"product_brand":[],"product_cat":[1142,1250,358,431],"product_tag":[],"class_list":{"0":"post-9449","1":"product","2":"type-product","3":"status-publish","4":"has-post-thumbnail","6":"product_cat-lames-fers-de-degauchisseuse-et-rabot-pour-dewalt","7":"product_cat-pour-raboteuse-degauchisseuse-dewalt-dw733-dw7332-dw7330-dw733s-260-317-318mm","8":"product_cat-planer-blades-fr","9":"product_cat-317mm-pour-triton-tpt125","11":"first","12":"instock","13":"taxable","14":"shipping-taxable","15":"purchasable","16":"product-type-simple"},"jetpack_sharing_enabled":true,"_links":{"self":[{"href":"https:\/\/www.helliston.eu\/fr\/wp-json\/wp\/v2\/product\/9449","targetHints":{"allow":["GET"]}}],"collection":[{"href":"https:\/\/www.helliston.eu\/fr\/wp-json\/wp\/v2\/product"}],"about":[{"href":"https:\/\/www.helliston.eu\/fr\/wp-json\/wp\/v2\/types\/product"}],"wp:featuredmedia":[{"embeddable":true,"href":"https:\/\/www.helliston.eu\/fr\/wp-json\/wp\/v2\/media\/9455"}],"wp:attachment":[{"href":"https:\/\/www.helliston.eu\/fr\/wp-json\/wp\/v2\/media?parent=9449"}],"wp:term":[{"taxonomy":"product_brand","embeddable":true,"href":"https:\/\/www.helliston.eu\/fr\/wp-json\/wp\/v2\/product_brand?post=9449"},{"taxonomy":"product_cat","embeddable":true,"href":"https:\/\/www.helliston.eu\/fr\/wp-json\/wp\/v2\/product_cat?post=9449"},{"taxonomy":"product_tag","embeddable":true,"href":"https:\/\/www.helliston.eu\/fr\/wp-json\/wp\/v2\/product_tag?post=9449"}],"curies":[{"name":"wp","href":"https:\/\/api.w.org\/{rel}","templated":true}]}}