{"id":9056,"date":"2021-08-20T13:24:51","date_gmt":"2021-08-20T13:24:52","guid":{"rendered":"https:\/\/helliston.eu\/?post_type=product&#038;p=9056"},"modified":"2022-01-21T19:39:59","modified_gmt":"2022-01-21T19:39:59","slug":"hss-fers-lames-de-rabot-50mm-pour-makita-1051dw-1050dw-50x8x2mm-2-pieces","status":"publish","type":"product","link":"https:\/\/helliston.eu\/fr\/produit\/hss-fers-lames-de-rabot-50mm-pour-makita-1051dw-1050dw-50x8x2mm-2-pieces\/","title":{"rendered":"HSS Fers\/ Lames de rabot 50mm pour Makita 1051DW, 1050DW, 50x8x2mm, 2 pi\u00e8ces"},"content":{"rendered":"","protected":false},"excerpt":{"rendered":"<p><strong>HSS Lames\/ Fers de rabot 50mm pour le rabot \u00e9lectrique Makita 1051DW, 1050DW, 50x8x2mm.<\/strong> 2\u00a0fers\/ paquet. Faits en acier rapide HSS durable. Des informations suppl\u00e9mentaires peuvent \u00eatre trouv\u00e9es ci-dessous.<\/p>\n","protected":false},"featured_media":9062,"template":"","meta":[],"product_brand":[],"product_cat":[512,1169,358],"product_tag":[],"class_list":{"0":"post-9056","1":"product","2":"type-product","3":"status-publish","4":"has-post-thumbnail","6":"product_cat-50mm-for-ryobi-pb50a2-fr","7":"product_cat-lames-fers-de-degauchisseuse-et-rabot-pour-makita","8":"product_cat-planer-blades-fr","10":"first","11":"instock","12":"taxable","13":"shipping-taxable","14":"purchasable","15":"product-type-simple"},"jetpack_sharing_enabled":true,"_links":{"self":[{"href":"https:\/\/helliston.eu\/fr\/wp-json\/wp\/v2\/product\/9056","targetHints":{"allow":["GET"]}}],"collection":[{"href":"https:\/\/helliston.eu\/fr\/wp-json\/wp\/v2\/product"}],"about":[{"href":"https:\/\/helliston.eu\/fr\/wp-json\/wp\/v2\/types\/product"}],"wp:featuredmedia":[{"embeddable":true,"href":"https:\/\/helliston.eu\/fr\/wp-json\/wp\/v2\/media\/9062"}],"wp:attachment":[{"href":"https:\/\/helliston.eu\/fr\/wp-json\/wp\/v2\/media?parent=9056"}],"wp:term":[{"taxonomy":"product_brand","embeddable":true,"href":"https:\/\/helliston.eu\/fr\/wp-json\/wp\/v2\/product_brand?post=9056"},{"taxonomy":"product_cat","embeddable":true,"href":"https:\/\/helliston.eu\/fr\/wp-json\/wp\/v2\/product_cat?post=9056"},{"taxonomy":"product_tag","embeddable":true,"href":"https:\/\/helliston.eu\/fr\/wp-json\/wp\/v2\/product_tag?post=9056"}],"curies":[{"name":"wp","href":"https:\/\/api.w.org\/{rel}","templated":true}]}}