{"id":8558,"date":"2021-03-03T13:35:12","date_gmt":"2021-03-03T13:35:12","guid":{"rendered":"https:\/\/helliston.eu\/?post_type=product&#038;p=8558"},"modified":"2023-03-18T07:26:36","modified_gmt":"2023-03-18T07:26:36","slug":"fers-lames-de-rabot-degau-pour-gude-gadh-254-p-type-2-hss-261x165x15mm","status":"publish","type":"product","link":"https:\/\/helliston.eu\/fr\/produit\/fers-lames-de-rabot-degau-pour-gude-gadh-254-p-type-2-hss-261x165x15mm\/","title":{"rendered":"Fers de rabot pour G\u00dcDE GADH 254\/P MOD\u00c8LE 2, HSS, 261&#215;16,5&#215;1,5mm"},"content":{"rendered":"","protected":false},"excerpt":{"rendered":"<p>HSS Fers de rabot pour le raboteuse-d\u00e9gauchisseuse G\u00dcDE GADH 254\/P MOD\u00c8LE 2, 261 x 16,5 x 1,5mm. 2 lames\/ paquet. Fabriqu\u00e9 \u00e0 partir d\u2019acier rapide HSS de haute qualit\u00e9, duret\u00e9 Rockwell: 63-64HRC. R\u00e9aff\u00fbtables. Pour plus d\u2019information, voyez plus bas.<\/p>\n<p><span data-text-color=\"primary\">***NB! Avant d\u2019en acheter, v\u00e9rifiez que les fers de rabot sont adapt\u00e9s \u00e0 votre rabot. Comparez par exemple les photos du produit aux fers qui ont \u00e9t\u00e9 fournis avec votre dispositif. En effet, <span style=\"color: #0000ff;\">G\u00dcDE GADH 254\/P<\/span> a plusieurs mod\u00e8les de rabots. Un mod\u00e8le est con\u00e7u pour les fers de 258x22x18 mm (qui a sept trous), un autre mod\u00e8le pour les fers de 261\u00d716,5\u00d71,5 mm (qui a deux trous).<\/span><\/p>\n","protected":false},"featured_media":12489,"template":"","meta":[],"product_brand":[],"product_cat":[817,1282,1154],"product_tag":[],"class_list":{"0":"post-8558","1":"product","2":"type-product","3":"status-publish","4":"has-post-thumbnail","6":"product_cat-fers-de-rabot-par-marques","7":"product_cat-pour-raboteuse-degauchisseuse-gude-gadh-254","8":"product_cat-lames-fers-de-degauchisseuse-et-rabot-pour-gude","10":"first","11":"instock","12":"sale","13":"taxable","14":"shipping-taxable","15":"purchasable","16":"product-type-simple"},"jetpack_sharing_enabled":true,"_links":{"self":[{"href":"https:\/\/helliston.eu\/fr\/wp-json\/wp\/v2\/product\/8558","targetHints":{"allow":["GET"]}}],"collection":[{"href":"https:\/\/helliston.eu\/fr\/wp-json\/wp\/v2\/product"}],"about":[{"href":"https:\/\/helliston.eu\/fr\/wp-json\/wp\/v2\/types\/product"}],"wp:featuredmedia":[{"embeddable":true,"href":"https:\/\/helliston.eu\/fr\/wp-json\/wp\/v2\/media\/12489"}],"wp:attachment":[{"href":"https:\/\/helliston.eu\/fr\/wp-json\/wp\/v2\/media?parent=8558"}],"wp:term":[{"taxonomy":"product_brand","embeddable":true,"href":"https:\/\/helliston.eu\/fr\/wp-json\/wp\/v2\/product_brand?post=8558"},{"taxonomy":"product_cat","embeddable":true,"href":"https:\/\/helliston.eu\/fr\/wp-json\/wp\/v2\/product_cat?post=8558"},{"taxonomy":"product_tag","embeddable":true,"href":"https:\/\/helliston.eu\/fr\/wp-json\/wp\/v2\/product_tag?post=8558"}],"curies":[{"name":"wp","href":"https:\/\/api.w.org\/{rel}","templated":true}]}}