{"id":8392,"date":"2021-01-03T16:47:50","date_gmt":"2021-01-03T16:47:50","guid":{"rendered":"https:\/\/helliston.eu\/?post_type=product&#038;p=8392"},"modified":"2022-01-26T19:39:17","modified_gmt":"2022-01-26T19:39:17","slug":"hm-tct-lames-fers-de-rabot-110-mm-pour-redstone-rs-3110r-4-pieces","status":"publish","type":"product","link":"https:\/\/www.helliston.eu\/fr\/produit\/hm-tct-lames-fers-de-rabot-110-mm-pour-redstone-rs-3110r-4-pieces\/","title":{"rendered":"HM\/TCT Lames\/ Fers de rabot 110 mm pour Redstone RS 3110R, 4 pi\u00e8ces"},"content":{"rendered":"","protected":false},"excerpt":{"rendered":"<p><strong>HM\/TCT Lames\/ Fers de rabot 110 mm pour le rabot \u00e9lectrique Redstone RS 3110R. <\/strong>4 fers\/ paquet. Faits en carbure de tungst\u00e8ne durable. Des informations suppl\u00e9mentaires peuvent \u00eatre trouv\u00e9es ci-dessous.<\/p>\n","protected":false},"featured_media":9666,"template":"","meta":[],"product_brand":[],"product_cat":[15],"product_tag":[],"class_list":{"0":"post-8392","1":"product","2":"type-product","3":"status-publish","4":"has-post-thumbnail","6":"product_cat-paint-scraper-blades-for-scrapers-sandvik-bahco-50mm-25mm-65mm-pear-round-drop-allway-storch-techno","8":"first","9":"instock","10":"taxable","11":"shipping-taxable","12":"purchasable","13":"product-type-simple"},"jetpack_sharing_enabled":true,"_links":{"self":[{"href":"https:\/\/www.helliston.eu\/fr\/wp-json\/wp\/v2\/product\/8392","targetHints":{"allow":["GET"]}}],"collection":[{"href":"https:\/\/www.helliston.eu\/fr\/wp-json\/wp\/v2\/product"}],"about":[{"href":"https:\/\/www.helliston.eu\/fr\/wp-json\/wp\/v2\/types\/product"}],"wp:featuredmedia":[{"embeddable":true,"href":"https:\/\/www.helliston.eu\/fr\/wp-json\/wp\/v2\/media\/9666"}],"wp:attachment":[{"href":"https:\/\/www.helliston.eu\/fr\/wp-json\/wp\/v2\/media?parent=8392"}],"wp:term":[{"taxonomy":"product_brand","embeddable":true,"href":"https:\/\/www.helliston.eu\/fr\/wp-json\/wp\/v2\/product_brand?post=8392"},{"taxonomy":"product_cat","embeddable":true,"href":"https:\/\/www.helliston.eu\/fr\/wp-json\/wp\/v2\/product_cat?post=8392"},{"taxonomy":"product_tag","embeddable":true,"href":"https:\/\/www.helliston.eu\/fr\/wp-json\/wp\/v2\/product_tag?post=8392"}],"curies":[{"name":"wp","href":"https:\/\/api.w.org\/{rel}","templated":true}]}}