{"id":8371,"date":"2021-01-03T15:51:18","date_gmt":"2021-01-03T15:51:18","guid":{"rendered":"https:\/\/helliston.eu\/?post_type=product&#038;p=8371"},"modified":"2022-01-26T19:39:25","modified_gmt":"2022-01-26T19:39:25","slug":"hm-tct-lames-fers-de-rabot-110-mm-pour-clarke-contractor-con950-4-pieces","status":"publish","type":"product","link":"https:\/\/helliston.eu\/fr\/produit\/hm-tct-lames-fers-de-rabot-110-mm-pour-clarke-contractor-con950-4-pieces\/","title":{"rendered":"HM\/TCT Lames\/ Fers de rabot 110 mm pour Clarke Contractor CON950, 4 pi\u00e8ces"},"content":{"rendered":"","protected":false},"excerpt":{"rendered":"<p><strong>HM\/TCT Lames\/ Fers de rabot 110 mm pour le rabot \u00e9lectrique Clarke Contractor CON950, 950W. <\/strong>4 fers\/ paquet. Faits en carbure de tungst\u00e8ne durable. Des informations suppl\u00e9mentaires peuvent \u00eatre trouv\u00e9es ci-dessous.<\/p>\n","protected":false},"featured_media":9708,"template":"","meta":[],"product_brand":[],"product_cat":[15],"product_tag":[],"class_list":{"0":"post-8371","1":"product","2":"type-product","3":"status-publish","4":"has-post-thumbnail","6":"product_cat-paint-scraper-blades-for-scrapers-sandvik-bahco-50mm-25mm-65mm-pear-round-drop-allway-storch-techno","8":"first","9":"instock","10":"taxable","11":"shipping-taxable","12":"purchasable","13":"product-type-simple"},"jetpack_sharing_enabled":true,"_links":{"self":[{"href":"https:\/\/helliston.eu\/fr\/wp-json\/wp\/v2\/product\/8371","targetHints":{"allow":["GET"]}}],"collection":[{"href":"https:\/\/helliston.eu\/fr\/wp-json\/wp\/v2\/product"}],"about":[{"href":"https:\/\/helliston.eu\/fr\/wp-json\/wp\/v2\/types\/product"}],"wp:featuredmedia":[{"embeddable":true,"href":"https:\/\/helliston.eu\/fr\/wp-json\/wp\/v2\/media\/9708"}],"wp:attachment":[{"href":"https:\/\/helliston.eu\/fr\/wp-json\/wp\/v2\/media?parent=8371"}],"wp:term":[{"taxonomy":"product_brand","embeddable":true,"href":"https:\/\/helliston.eu\/fr\/wp-json\/wp\/v2\/product_brand?post=8371"},{"taxonomy":"product_cat","embeddable":true,"href":"https:\/\/helliston.eu\/fr\/wp-json\/wp\/v2\/product_cat?post=8371"},{"taxonomy":"product_tag","embeddable":true,"href":"https:\/\/helliston.eu\/fr\/wp-json\/wp\/v2\/product_tag?post=8371"}],"curies":[{"name":"wp","href":"https:\/\/api.w.org\/{rel}","templated":true}]}}