{"id":8362,"date":"2021-01-02T17:01:57","date_gmt":"2021-01-02T17:01:58","guid":{"rendered":"https:\/\/helliston.eu\/?post_type=product&#038;p=8362"},"modified":"2023-03-29T18:37:49","modified_gmt":"2023-03-29T18:37:49","slug":"fers-lames-reversibles-de-rabot-pour-raboteuse-ryobi-rap1500g-hss-318x182x32mm","status":"publish","type":"product","link":"https:\/\/helliston.eu\/fr\/produit\/fers-lames-reversibles-de-rabot-pour-raboteuse-ryobi-rap1500g-hss-318x182x32mm\/","title":{"rendered":"Fers de rabot pour Ryobi RAP1500G, HSS, 318&#215;18,2&#215;3,2mm"},"content":{"rendered":"","protected":false},"excerpt":{"rendered":"<p>HSS Fers de rabot pour raboteuse Ryobi RAP1500G, 318 x 18,2 x 3,2 mm, LAMES R\u00c9VERSIBLES. 2 lames\/ paquet Fabriqu\u00e9 \u00e0 partir d\u2019acier rapide HSS de haute qualit\u00e9 (duret\u00e9 Rockwell 63+HRC). Les lames sont r\u00e9aff\u00fbtables. Pour plus d\u2019information, voyez plus bas.<\/p>\n","protected":false},"featured_media":9381,"template":"","meta":[],"product_brand":[],"product_cat":[515,817,1360,1181,358],"product_tag":[],"class_list":{"0":"post-8362","1":"product","2":"type-product","3":"status-publish","4":"has-post-thumbnail","6":"product_cat-318-mm-pour-dewalt-dw733-dw7332-qs-ryobi-rap-1500g-etc","7":"product_cat-fers-de-rabot-par-marques","8":"product_cat-pour-raboteuse-degauchisseuse-ryobi-rap1500g-318-mm","9":"product_cat-lames-fers-de-degauchisseuse-et-rabot-pour-ryobi","10":"product_cat-planer-blades-fr","12":"first","13":"instock","14":"taxable","15":"shipping-taxable","16":"purchasable","17":"product-type-simple"},"jetpack_sharing_enabled":true,"_links":{"self":[{"href":"https:\/\/helliston.eu\/fr\/wp-json\/wp\/v2\/product\/8362","targetHints":{"allow":["GET"]}}],"collection":[{"href":"https:\/\/helliston.eu\/fr\/wp-json\/wp\/v2\/product"}],"about":[{"href":"https:\/\/helliston.eu\/fr\/wp-json\/wp\/v2\/types\/product"}],"wp:featuredmedia":[{"embeddable":true,"href":"https:\/\/helliston.eu\/fr\/wp-json\/wp\/v2\/media\/9381"}],"wp:attachment":[{"href":"https:\/\/helliston.eu\/fr\/wp-json\/wp\/v2\/media?parent=8362"}],"wp:term":[{"taxonomy":"product_brand","embeddable":true,"href":"https:\/\/helliston.eu\/fr\/wp-json\/wp\/v2\/product_brand?post=8362"},{"taxonomy":"product_cat","embeddable":true,"href":"https:\/\/helliston.eu\/fr\/wp-json\/wp\/v2\/product_cat?post=8362"},{"taxonomy":"product_tag","embeddable":true,"href":"https:\/\/helliston.eu\/fr\/wp-json\/wp\/v2\/product_tag?post=8362"}],"curies":[{"name":"wp","href":"https:\/\/api.w.org\/{rel}","templated":true}]}}