{"id":8347,"date":"2021-01-02T16:42:31","date_gmt":"2021-01-02T16:42:33","guid":{"rendered":"https:\/\/helliston.eu\/?post_type=product&#038;p=8347"},"modified":"2021-02-28T09:59:42","modified_gmt":"2021-02-28T09:59:42","slug":"hss-fers-de-degauchisseuse-raboteuse-260mm-avec-2-fentes-pour-scheppach-hmc-260-hmc-2600-2-pieces","status":"publish","type":"product","link":"https:\/\/helliston.eu\/fr\/produit\/hss-fers-de-degauchisseuse-raboteuse-260mm-avec-2-fentes-pour-scheppach-hmc-260-hmc-2600-2-pieces\/","title":{"rendered":"HSS Lames\/ Fers de rabot 260mm pour Scheppach HMC 260, HMC 2600, AVEC 2 TROUS DE MONTAGE, 2 pi\u00e8ces"},"content":{"rendered":"","protected":false},"excerpt":{"rendered":"<p><strong>HSS Lames\/ Fers de rabot 260x18x3mm AVEC DEUX TROUS DE MONTAGE pour le<\/strong> <strong>raboteuse-d\u00e9gauchisseuse<\/strong> <strong>Scheppach HMC 260, HMC 2600.<\/strong> 2 fers\/ paquet. Faits en acier rapide HSS durable (duret\u00e9 Rockwell 63+HRC). Ces fers sont adapt\u00e9s notamment au travail du bois tendre mais aussi du bois dur. Les fers sont r\u00e9affutables. Des informations suppl\u00e9mentaires peuvent \u00eatre trouv\u00e9es ci-dessous.<\/p>\n","protected":false},"featured_media":5998,"template":"","meta":[],"product_brand":[],"product_cat":[817,1365,1366,1182,358,424],"product_tag":[],"class_list":{"0":"post-8347","1":"product","2":"type-product","3":"status-publish","4":"has-post-thumbnail","6":"product_cat-fers-de-rabot-par-marques","7":"product_cat-pour-raboteuse-degauchisseuse-scheppach-hmc-260mm","8":"product_cat-pour-raboteuse-degauchisseuse-scheppach-hmc-2600-260mm","9":"product_cat-lames-fers-de-degauchisseuse-et-rabot-pour-scheppach","10":"product_cat-planer-blades-fr","11":"product_cat-260mm-for-scheppach-hms260-metabo-elektra-beckum-hc260-hc260m-hc260c-hc260e-hc260es-hc260k-fr","13":"first","14":"outofstock","15":"taxable","16":"shipping-taxable","17":"product-type-simple"},"jetpack_sharing_enabled":true,"_links":{"self":[{"href":"https:\/\/helliston.eu\/fr\/wp-json\/wp\/v2\/product\/8347","targetHints":{"allow":["GET"]}}],"collection":[{"href":"https:\/\/helliston.eu\/fr\/wp-json\/wp\/v2\/product"}],"about":[{"href":"https:\/\/helliston.eu\/fr\/wp-json\/wp\/v2\/types\/product"}],"wp:featuredmedia":[{"embeddable":true,"href":"https:\/\/helliston.eu\/fr\/wp-json\/wp\/v2\/media\/5998"}],"wp:attachment":[{"href":"https:\/\/helliston.eu\/fr\/wp-json\/wp\/v2\/media?parent=8347"}],"wp:term":[{"taxonomy":"product_brand","embeddable":true,"href":"https:\/\/helliston.eu\/fr\/wp-json\/wp\/v2\/product_brand?post=8347"},{"taxonomy":"product_cat","embeddable":true,"href":"https:\/\/helliston.eu\/fr\/wp-json\/wp\/v2\/product_cat?post=8347"},{"taxonomy":"product_tag","embeddable":true,"href":"https:\/\/helliston.eu\/fr\/wp-json\/wp\/v2\/product_tag?post=8347"}],"curies":[{"name":"wp","href":"https:\/\/api.w.org\/{rel}","templated":true}]}}