{"id":8325,"date":"2021-01-02T14:33:15","date_gmt":"2021-01-02T14:33:17","guid":{"rendered":"https:\/\/helliston.eu\/?post_type=product&#038;p=8325"},"modified":"2022-01-22T14:01:02","modified_gmt":"2022-01-22T14:01:02","slug":"hss-wolfram-18-fers-de-degauchisseuse-raboteuse-260mm-avec-2-fentes-pour-scheppach-hmc-260-hmc-2600-2-pieces","status":"publish","type":"product","link":"https:\/\/helliston.eu\/fr\/produit\/hss-wolfram-18-fers-de-degauchisseuse-raboteuse-260mm-avec-2-fentes-pour-scheppach-hmc-260-hmc-2600-2-pieces\/","title":{"rendered":"HSS Wolfram 18% Lames\/ Fers de rabot 260mm pour Scheppach HMC 260, HMC 2600, AVEC 2 TROUS DE MONTAGE, 2 pi\u00e8ces"},"content":{"rendered":"","protected":false},"excerpt":{"rendered":"<p><strong>T1 HSS Wolfram 18% Lames\/ Fers de rabot 260x18x3mm AVEC DEUX TROUS DE MONTAGE pour le<\/strong> <strong>raboteuse-d\u00e9gauchisseuse<\/strong><strong> Scheppach HMC 260, HMC 2600.<\/strong> 2 fers\/ paquet. Faits en T1\u00a0HSS\u00a0W18% acier rapide de premi\u00e8re qualit\u00e9 (duret\u00e9 Rockwell 63-65HRC). Par rapport \u00e0 l\u2019acier ordinaire HSS, les fers T1 HSS W18\u00a0% sont plus durables \u2013 un choix excellent permettant de travailler tant le bois dur que le bois tendre! Ces fers sont r\u00e9affutables. Des informations suppl\u00e9mentaires peuvent \u00eatre trouv\u00e9es ci-dessous.<\/p>\n","protected":false},"featured_media":9204,"template":"","meta":[],"product_brand":[],"product_cat":[817,1365,1366,1182,358,424],"product_tag":[],"class_list":{"0":"post-8325","1":"product","2":"type-product","3":"status-publish","4":"has-post-thumbnail","6":"product_cat-fers-de-rabot-par-marques","7":"product_cat-pour-raboteuse-degauchisseuse-scheppach-hmc-260mm","8":"product_cat-pour-raboteuse-degauchisseuse-scheppach-hmc-2600-260mm","9":"product_cat-lames-fers-de-degauchisseuse-et-rabot-pour-scheppach","10":"product_cat-planer-blades-fr","11":"product_cat-260mm-for-scheppach-hms260-metabo-elektra-beckum-hc260-hc260m-hc260c-hc260e-hc260es-hc260k-fr","13":"first","14":"instock","15":"taxable","16":"shipping-taxable","17":"purchasable","18":"product-type-simple"},"jetpack_sharing_enabled":true,"_links":{"self":[{"href":"https:\/\/helliston.eu\/fr\/wp-json\/wp\/v2\/product\/8325","targetHints":{"allow":["GET"]}}],"collection":[{"href":"https:\/\/helliston.eu\/fr\/wp-json\/wp\/v2\/product"}],"about":[{"href":"https:\/\/helliston.eu\/fr\/wp-json\/wp\/v2\/types\/product"}],"wp:featuredmedia":[{"embeddable":true,"href":"https:\/\/helliston.eu\/fr\/wp-json\/wp\/v2\/media\/9204"}],"wp:attachment":[{"href":"https:\/\/helliston.eu\/fr\/wp-json\/wp\/v2\/media?parent=8325"}],"wp:term":[{"taxonomy":"product_brand","embeddable":true,"href":"https:\/\/helliston.eu\/fr\/wp-json\/wp\/v2\/product_brand?post=8325"},{"taxonomy":"product_cat","embeddable":true,"href":"https:\/\/helliston.eu\/fr\/wp-json\/wp\/v2\/product_cat?post=8325"},{"taxonomy":"product_tag","embeddable":true,"href":"https:\/\/helliston.eu\/fr\/wp-json\/wp\/v2\/product_tag?post=8325"}],"curies":[{"name":"wp","href":"https:\/\/api.w.org\/{rel}","templated":true}]}}