{"id":8309,"date":"2021-01-02T13:16:31","date_gmt":"2021-01-02T13:16:33","guid":{"rendered":"https:\/\/helliston.eu\/?post_type=product&#038;p=8309"},"modified":"2023-03-30T13:43:10","modified_gmt":"2023-03-30T13:43:10","slug":"fers-lames-de-rabot-pour-raboteuse-dewalt-dw733-dw7332-dw733-qs-modele-2-hss-318x19x3mm","status":"publish","type":"product","link":"https:\/\/helliston.eu\/fr\/produit\/fers-lames-de-rabot-pour-raboteuse-dewalt-dw733-dw7332-dw733-qs-modele-2-hss-318x19x3mm\/","title":{"rendered":"Fers de rabot pour Dewalt DW733, DW7332, DW733-QS MOD\u00c8LE 2, HSS, 318x19x3mm"},"content":{"rendered":"","protected":false},"excerpt":{"rendered":"<p>HSS Fers de rabot pour raboteuse Dewalt DW733, DW7332, DW733-QS MOD\u00c8LE 2, 318 x 19 x 3mm. 2 lames\/ paquet Fabriqu\u00e9 \u00e0 partir d\u2019acier rapide HSS de haute qualit\u00e9 (duret\u00e9 Rockwell 63+HRC). Les lames sont r\u00e9aff\u00fbtables. Pour plus d\u2019information, voyez plus bas.<\/p>\n<p><span style=\"color: #0000ff;\">Avant de passer commande, veuillez v\u00e9rifier les photos du produit et vos anciennes lames de rabot ! Il existe 2 types de rabots Dewalt DW733. L&rsquo;une des raboteuses n\u00e9cessite des lames de 317x25x3mm (avec 8 trous), l&rsquo;autre des lames de 318x19x3mm (avec 2 trous).<\/span><\/p>\n","protected":false},"featured_media":9477,"template":"","meta":[],"product_brand":[],"product_cat":[3442,515,1142,1250,358],"product_tag":[],"class_list":{"0":"post-8309","1":"product","2":"type-product","3":"status-publish","4":"has-post-thumbnail","6":"product_cat-dw733-qs-fr","7":"product_cat-318-mm-pour-dewalt-dw733-dw7332-qs-ryobi-rap-1500g-etc","8":"product_cat-lames-fers-de-degauchisseuse-et-rabot-pour-dewalt","9":"product_cat-pour-raboteuse-degauchisseuse-dewalt-dw733-dw7332-dw7330-dw733s-260-317-318mm","10":"product_cat-planer-blades-fr","12":"first","13":"outofstock","14":"taxable","15":"shipping-taxable","16":"purchasable","17":"product-type-simple"},"jetpack_sharing_enabled":true,"_links":{"self":[{"href":"https:\/\/helliston.eu\/fr\/wp-json\/wp\/v2\/product\/8309","targetHints":{"allow":["GET"]}}],"collection":[{"href":"https:\/\/helliston.eu\/fr\/wp-json\/wp\/v2\/product"}],"about":[{"href":"https:\/\/helliston.eu\/fr\/wp-json\/wp\/v2\/types\/product"}],"wp:featuredmedia":[{"embeddable":true,"href":"https:\/\/helliston.eu\/fr\/wp-json\/wp\/v2\/media\/9477"}],"wp:attachment":[{"href":"https:\/\/helliston.eu\/fr\/wp-json\/wp\/v2\/media?parent=8309"}],"wp:term":[{"taxonomy":"product_brand","embeddable":true,"href":"https:\/\/helliston.eu\/fr\/wp-json\/wp\/v2\/product_brand?post=8309"},{"taxonomy":"product_cat","embeddable":true,"href":"https:\/\/helliston.eu\/fr\/wp-json\/wp\/v2\/product_cat?post=8309"},{"taxonomy":"product_tag","embeddable":true,"href":"https:\/\/helliston.eu\/fr\/wp-json\/wp\/v2\/product_tag?post=8309"}],"curies":[{"name":"wp","href":"https:\/\/api.w.org\/{rel}","templated":true}]}}