{"id":8073,"date":"2020-11-19T16:43:06","date_gmt":"2020-11-19T16:43:06","guid":{"rendered":"https:\/\/helliston.eu\/?post_type=product&#038;p=8073"},"modified":"2022-01-26T21:05:12","modified_gmt":"2022-01-26T21:05:12","slug":"hss-lames-fers-de-rabot-82-mm-pour-biltema-pl-650-p-750-10-pieces","status":"publish","type":"product","link":"https:\/\/helliston.eu\/fr\/produit\/hss-lames-fers-de-rabot-82-mm-pour-biltema-pl-650-p-750-10-pieces\/","title":{"rendered":"HSS Lames\/ Fers de rabot 82\u00a0mm pour Biltema PL 650 &#038; P 750, 10 pi\u00e8ces"},"content":{"rendered":"","protected":false},"excerpt":{"rendered":"<p><strong>HSS Lames\/ Fers de rabot 82\u00a0mm pour le rabot<\/strong> <strong>Biltema PL 650 &amp; P 750<\/strong>. 10 fers\/ paquet. Faits en HSS acier rapide durable. Des informations suppl\u00e9mentaires peuvent \u00eatre trouv\u00e9es ci-dessous.<\/p>\n","protected":false},"featured_media":9811,"template":"","meta":[],"product_brand":[],"product_cat":[15],"product_tag":[],"class_list":{"0":"post-8073","1":"product","2":"type-product","3":"status-publish","4":"has-post-thumbnail","6":"product_cat-paint-scraper-blades-for-scrapers-sandvik-bahco-50mm-25mm-65mm-pear-round-drop-allway-storch-techno","8":"first","9":"instock","10":"taxable","11":"shipping-taxable","12":"purchasable","13":"product-type-simple"},"jetpack_sharing_enabled":true,"_links":{"self":[{"href":"https:\/\/helliston.eu\/fr\/wp-json\/wp\/v2\/product\/8073","targetHints":{"allow":["GET"]}}],"collection":[{"href":"https:\/\/helliston.eu\/fr\/wp-json\/wp\/v2\/product"}],"about":[{"href":"https:\/\/helliston.eu\/fr\/wp-json\/wp\/v2\/types\/product"}],"wp:featuredmedia":[{"embeddable":true,"href":"https:\/\/helliston.eu\/fr\/wp-json\/wp\/v2\/media\/9811"}],"wp:attachment":[{"href":"https:\/\/helliston.eu\/fr\/wp-json\/wp\/v2\/media?parent=8073"}],"wp:term":[{"taxonomy":"product_brand","embeddable":true,"href":"https:\/\/helliston.eu\/fr\/wp-json\/wp\/v2\/product_brand?post=8073"},{"taxonomy":"product_cat","embeddable":true,"href":"https:\/\/helliston.eu\/fr\/wp-json\/wp\/v2\/product_cat?post=8073"},{"taxonomy":"product_tag","embeddable":true,"href":"https:\/\/helliston.eu\/fr\/wp-json\/wp\/v2\/product_tag?post=8073"}],"curies":[{"name":"wp","href":"https:\/\/api.w.org\/{rel}","templated":true}]}}