{"id":8003,"date":"2020-11-15T18:01:26","date_gmt":"2020-11-18T21:41:06","guid":{"rendered":"https:\/\/helliston.eu\/?post_type=product&#038;p=8003"},"modified":"2022-01-22T14:08:42","modified_gmt":"2022-01-22T14:08:42","slug":"hss-wolfram-18-fers-de-degauchisseuse-260mm-pour-metabo-hc-260c-hc-260m-hc-260k-2-pieces","status":"publish","type":"product","link":"https:\/\/helliston.eu\/fr\/produit\/hss-wolfram-18-fers-de-degauchisseuse-260mm-pour-metabo-hc-260c-hc-260m-hc-260k-2-pieces\/","title":{"rendered":"HSS Wolfram 18% Fers de d\u00e9gauchisseuse 260mm pour Metabo HC 260C, HC 260M, HC 260K (SANS TROUS DE MONTAGE), 2 pi\u00e8ces"},"content":{"rendered":"","protected":false},"excerpt":{"rendered":"<p>HSS Wolfram 18% Fers\/Lames de d\u00e9gauchisseuse-raboteuse 260x20x3mm pour Metabo HC 260C, HC 260M, HC 260K SANS TROUS DE MONTAGE. 2 Fers en paquet. Faites en T1 HSS Wolfram 18% durable. Des informations suppl\u00e9mentaires peuvent \u00eatre trouv\u00e9es ci-dessous.<\/p>\n","protected":false},"featured_media":7550,"template":"","meta":[],"product_brand":[],"product_cat":[1174,1333],"product_tag":[],"class_list":{"0":"post-8003","1":"product","2":"type-product","3":"status-publish","4":"has-post-thumbnail","6":"product_cat-lames-fers-de-degauchisseuse-et-rabot-pour-metabo","7":"product_cat-pour-raboteuse-degauchisseuse-metabo-hc260c-hc260m-hc260k-260-mm","9":"first","10":"instock","11":"taxable","12":"shipping-taxable","13":"purchasable","14":"product-type-simple"},"jetpack_sharing_enabled":true,"_links":{"self":[{"href":"https:\/\/helliston.eu\/fr\/wp-json\/wp\/v2\/product\/8003","targetHints":{"allow":["GET"]}}],"collection":[{"href":"https:\/\/helliston.eu\/fr\/wp-json\/wp\/v2\/product"}],"about":[{"href":"https:\/\/helliston.eu\/fr\/wp-json\/wp\/v2\/types\/product"}],"wp:featuredmedia":[{"embeddable":true,"href":"https:\/\/helliston.eu\/fr\/wp-json\/wp\/v2\/media\/7550"}],"wp:attachment":[{"href":"https:\/\/helliston.eu\/fr\/wp-json\/wp\/v2\/media?parent=8003"}],"wp:term":[{"taxonomy":"product_brand","embeddable":true,"href":"https:\/\/helliston.eu\/fr\/wp-json\/wp\/v2\/product_brand?post=8003"},{"taxonomy":"product_cat","embeddable":true,"href":"https:\/\/helliston.eu\/fr\/wp-json\/wp\/v2\/product_cat?post=8003"},{"taxonomy":"product_tag","embeddable":true,"href":"https:\/\/helliston.eu\/fr\/wp-json\/wp\/v2\/product_tag?post=8003"}],"curies":[{"name":"wp","href":"https:\/\/api.w.org\/{rel}","templated":true}]}}