{"id":7885,"date":"2020-11-15T18:18:56","date_gmt":"2020-11-15T18:18:58","guid":{"rendered":"https:\/\/helliston.eu\/?post_type=product&#038;p=7885"},"modified":"2021-02-28T10:09:32","modified_gmt":"2021-02-28T10:09:32","slug":"hss-wolfram-18-fers-de-degauchisseuse-260mm-pour-metabo-hc-260c-hc-260m-hc-260k-avec-2-fentes-2-pieces","status":"publish","type":"product","link":"https:\/\/helliston.eu\/fr\/produit\/hss-wolfram-18-fers-de-degauchisseuse-260mm-pour-metabo-hc-260c-hc-260m-hc-260k-avec-2-fentes-2-pieces\/","title":{"rendered":"HSS Wolfram 18% Lames\/ Fers de rabot 260mm pour Metabo HC 260C, HC 260M, HC 260K, AVEC 2 FENTES, 2 pi\u00e8ces"},"content":{"rendered":"","protected":false},"excerpt":{"rendered":"<p><strong>T1 HSS Wolfram 18% Lames\/ Fers de rabot 260x20x3mm AVEC DEUX FENTES pour le<\/strong> <strong>raboteuse-d\u00e9gauchisseuse<\/strong><strong> Metabo HC 260C, HC 260M, HC 260K.<\/strong> 2 fers\/ paquet. Faits en T1\u00a0HSS\u00a0W18% acier rapide de premi\u00e8re qualit\u00e9 (duret\u00e9 Rockwell 63-65HRC). Par rapport \u00e0 l\u2019acier ordinaire HSS, les fers T1 HSS W18\u00a0% sont plus durables \u2013 un choix excellent permettant de travailler tant le bois dur que le bois tendre! Ces fers sont r\u00e9affutables. Des informations suppl\u00e9mentaires peuvent \u00eatre trouv\u00e9es ci-dessous.<\/p>\n","protected":false},"featured_media":7428,"template":"","meta":[],"product_brand":[],"product_cat":[1174,1333],"product_tag":[],"class_list":{"0":"post-7885","1":"product","2":"type-product","3":"status-publish","4":"has-post-thumbnail","6":"product_cat-lames-fers-de-degauchisseuse-et-rabot-pour-metabo","7":"product_cat-pour-raboteuse-degauchisseuse-metabo-hc260c-hc260m-hc260k-260-mm","9":"first","10":"outofstock","11":"taxable","12":"shipping-taxable","13":"purchasable","14":"product-type-simple"},"jetpack_sharing_enabled":true,"_links":{"self":[{"href":"https:\/\/helliston.eu\/fr\/wp-json\/wp\/v2\/product\/7885","targetHints":{"allow":["GET"]}}],"collection":[{"href":"https:\/\/helliston.eu\/fr\/wp-json\/wp\/v2\/product"}],"about":[{"href":"https:\/\/helliston.eu\/fr\/wp-json\/wp\/v2\/types\/product"}],"wp:featuredmedia":[{"embeddable":true,"href":"https:\/\/helliston.eu\/fr\/wp-json\/wp\/v2\/media\/7428"}],"wp:attachment":[{"href":"https:\/\/helliston.eu\/fr\/wp-json\/wp\/v2\/media?parent=7885"}],"wp:term":[{"taxonomy":"product_brand","embeddable":true,"href":"https:\/\/helliston.eu\/fr\/wp-json\/wp\/v2\/product_brand?post=7885"},{"taxonomy":"product_cat","embeddable":true,"href":"https:\/\/helliston.eu\/fr\/wp-json\/wp\/v2\/product_cat?post=7885"},{"taxonomy":"product_tag","embeddable":true,"href":"https:\/\/helliston.eu\/fr\/wp-json\/wp\/v2\/product_tag?post=7885"}],"curies":[{"name":"wp","href":"https:\/\/api.w.org\/{rel}","templated":true}]}}