{"id":6812,"date":"2020-01-05T19:55:21","date_gmt":"2020-01-05T19:55:21","guid":{"rendered":"https:\/\/helliston.eu\/product\/hm-carbide-scraper-insert-blade-for-sandvik-scraper-620-2525-25x25x2mm-4-edges-1-pc\/"},"modified":"2024-06-29T20:29:44","modified_gmt":"2024-06-29T20:29:44","slug":"plaquette-carbure-pour-sandvik-620-25-grattoir-a-plaquette-620-2520-620-2525-620-2530","status":"publish","type":"product","link":"https:\/\/helliston.eu\/fr\/produit\/plaquette-carbure-pour-sandvik-620-25-grattoir-a-plaquette-620-2520-620-2525-620-2530\/","title":{"rendered":"Plaquette pour Sandvik 620-25 grattoir a plaquette (620-2520, 620-2525, 620-2530)"},"content":{"rendered":"","protected":false},"excerpt":{"rendered":"<p>Plaquette\/lame en carbure de tungst\u00e8ne solide pour grattoir \u00e0 plaquette Sandvik 620-25 (620-2520, 620-2525, 620-2530) ou mod\u00e8les similaires comme Biax ou Rennsteig. La plaquette de grattoir plat est disponible dans les dimensions suivantes : 20x25x2 mm, 25x25x2 mm et 30x25x2 mm. Les plaquettes de grattoir sont fabriqu\u00e9es en carbure de tungst\u00e8ne \u00e0 grains fins de haute qualit\u00e9 et sont durcies \u00e0 plus de 93 HRA sur l&rsquo;\u00e9chelle de Rockwell. Les plaques de coupe comportent quatre ar\u00eates de coupe avec un angle de 3\u00b0. Avant l&rsquo;achat, veuillez v\u00e9rifier le dessin et faire attention aux angles !<\/p>\n<p>Pour plus d&rsquo;informations, voir ci-dessous.<\/p>\n<p><span data-text-color=\"primary\"><strong>Les remises quantitatives s&rsquo;appliquent \u00e0 toutes les plaquettes de grattoir achet\u00e9es ensemble dans une seule commande, quel que soit leur taille.<\/strong><\/span><\/p>\n","protected":false},"featured_media":25128,"template":"","meta":[],"product_brand":[],"product_cat":[2268],"product_tag":[],"class_list":{"0":"post-6812","1":"product","2":"type-product","3":"status-publish","4":"has-post-thumbnail","6":"product_cat-plaquettes-pour-grattoir-plat-sandvik-grattoir-620-2020-2025-2030-rennsteig-460-465-forum-hazet-etc","8":"first","9":"instock","10":"taxable","11":"shipping-taxable","12":"purchasable","13":"product-type-variable"},"jetpack_sharing_enabled":true,"_links":{"self":[{"href":"https:\/\/helliston.eu\/fr\/wp-json\/wp\/v2\/product\/6812","targetHints":{"allow":["GET"]}}],"collection":[{"href":"https:\/\/helliston.eu\/fr\/wp-json\/wp\/v2\/product"}],"about":[{"href":"https:\/\/helliston.eu\/fr\/wp-json\/wp\/v2\/types\/product"}],"wp:featuredmedia":[{"embeddable":true,"href":"https:\/\/helliston.eu\/fr\/wp-json\/wp\/v2\/media\/25128"}],"wp:attachment":[{"href":"https:\/\/helliston.eu\/fr\/wp-json\/wp\/v2\/media?parent=6812"}],"wp:term":[{"taxonomy":"product_brand","embeddable":true,"href":"https:\/\/helliston.eu\/fr\/wp-json\/wp\/v2\/product_brand?post=6812"},{"taxonomy":"product_cat","embeddable":true,"href":"https:\/\/helliston.eu\/fr\/wp-json\/wp\/v2\/product_cat?post=6812"},{"taxonomy":"product_tag","embeddable":true,"href":"https:\/\/helliston.eu\/fr\/wp-json\/wp\/v2\/product_tag?post=6812"}],"curies":[{"name":"wp","href":"https:\/\/api.w.org\/{rel}","templated":true}]}}