{"id":6057,"date":"2020-01-05T18:20:20","date_gmt":"2020-01-10T20:00:24","guid":{"rendered":"https:\/\/helliston.eu\/?post_type=product&#038;p=6057"},"modified":"2021-02-21T19:23:50","modified_gmt":"2021-02-21T19:23:50","slug":"hm-tct-fers-de-degauchisseuse-de-rabot-320-x-18-x-3mm-pour-scheppach-hmc3200-hmc3200ci-2-pc","status":"publish","type":"product","link":"https:\/\/helliston.eu\/fr\/produit\/hm-tct-fers-de-degauchisseuse-de-rabot-320-x-18-x-3mm-pour-scheppach-hmc3200-hmc3200ci-2-pc\/","title":{"rendered":"HM\/TCT Lames\/ Fers de d\u00e9gauchisseuse\/ de rabot 320 x 18 x 3mm pour Scheppach HMC3200, HMC3200CI, 2 pi\u00e8ces"},"content":{"rendered":"","protected":false},"excerpt":{"rendered":"<p><strong>HM\/TCT Lames\/ Fers de rabot 320x18x3mm pour le<\/strong> <strong>raboteuse-d\u00e9gauchisseuse<\/strong> <strong>Scheppach HMC3200, HMC3200CI<\/strong>. 2 fers\/ paquet. Faits en carbure de tungst\u00e8ne durable (duret\u00e9 Rockwell 90+HRA). Ces fers constituent la meilleure solution pour chaque type de bois et de mat\u00e9riau en bois. Par rapport \u00e0 l\u2019acier HSS, les fers HM\/TCT restent aiguis\u00e9s cinq fois plus longtemps. Les fers sont r\u00e9affutables<strong>. <\/strong>Des informations suppl\u00e9mentaires peuvent \u00eatre trouv\u00e9es ci-dessous.<\/p>\n","protected":false},"featured_media":7572,"template":"","meta":[],"product_brand":[],"product_cat":[1367,1182,358,435],"product_tag":[],"class_list":{"0":"post-6057","1":"product","2":"type-product","3":"status-publish","4":"has-post-thumbnail","6":"product_cat-pour-raboteuse-degauchisseuse-scheppach-hms-hmc-3200-ci-320mm","7":"product_cat-lames-fers-de-degauchisseuse-et-rabot-pour-scheppach","8":"product_cat-planer-blades-fr","9":"product_cat-320-pour-scheppach-hmc-3200-3200-ci","11":"first","12":"instock","13":"taxable","14":"shipping-taxable","15":"purchasable","16":"product-type-simple"},"jetpack_sharing_enabled":true,"_links":{"self":[{"href":"https:\/\/helliston.eu\/fr\/wp-json\/wp\/v2\/product\/6057","targetHints":{"allow":["GET"]}}],"collection":[{"href":"https:\/\/helliston.eu\/fr\/wp-json\/wp\/v2\/product"}],"about":[{"href":"https:\/\/helliston.eu\/fr\/wp-json\/wp\/v2\/types\/product"}],"wp:featuredmedia":[{"embeddable":true,"href":"https:\/\/helliston.eu\/fr\/wp-json\/wp\/v2\/media\/7572"}],"wp:attachment":[{"href":"https:\/\/helliston.eu\/fr\/wp-json\/wp\/v2\/media?parent=6057"}],"wp:term":[{"taxonomy":"product_brand","embeddable":true,"href":"https:\/\/helliston.eu\/fr\/wp-json\/wp\/v2\/product_brand?post=6057"},{"taxonomy":"product_cat","embeddable":true,"href":"https:\/\/helliston.eu\/fr\/wp-json\/wp\/v2\/product_cat?post=6057"},{"taxonomy":"product_tag","embeddable":true,"href":"https:\/\/helliston.eu\/fr\/wp-json\/wp\/v2\/product_tag?post=6057"}],"curies":[{"name":"wp","href":"https:\/\/api.w.org\/{rel}","templated":true}]}}