{"id":6056,"date":"2020-01-05T18:25:42","date_gmt":"2020-01-10T17:43:21","guid":{"rendered":"https:\/\/helliston.eu\/?post_type=product&#038;p=6056"},"modified":"2023-03-30T18:34:59","modified_gmt":"2023-03-30T18:34:59","slug":"fers-de-rabot-pour-triton-tpl180-hss-180x8x2mm","status":"publish","type":"product","link":"https:\/\/helliston.eu\/fr\/produit\/fers-de-rabot-pour-triton-tpl180-hss-180x8x2mm\/","title":{"rendered":"Fers de rabot pour Triton TPL180, HSS, 180x8x2mm"},"content":{"rendered":"","protected":false},"excerpt":{"rendered":"<p>HSS fers de rabot pour Triton TPL 180, 180x8x2mm. 3 lames\/paquet. Fabriqu\u00e9 \u00e0 partir d\u2019acier rapide HSS de haute qualit\u00e9 (duret\u00e9 Rockwell 63+HRC). Les lames sont r\u00e9aff\u00fbtables. Pour plus d\u2019information, voyez plus bas.<\/p>\n<p>***Ces lames durent beaucoup plus longtemps que les lames d&rsquo;origine. Les lames d&rsquo;origine sont fabriqu\u00e9es en acier 65Mn.<\/p>\n","protected":false},"featured_media":7508,"template":"","meta":[],"product_brand":[],"product_cat":[1190,1387,422],"product_tag":[],"class_list":{"0":"post-6056","1":"product","2":"type-product","3":"status-publish","4":"has-post-thumbnail","6":"product_cat-lames-fers-de-degauchisseuse-et-rabot-pour-triton","7":"product_cat-pour-rabot-triton-tpl-180-180mm","8":"product_cat-180mm-pour-triton-tpl180","10":"first","11":"instock","12":"taxable","13":"shipping-taxable","14":"purchasable","15":"product-type-simple"},"jetpack_sharing_enabled":true,"_links":{"self":[{"href":"https:\/\/helliston.eu\/fr\/wp-json\/wp\/v2\/product\/6056","targetHints":{"allow":["GET"]}}],"collection":[{"href":"https:\/\/helliston.eu\/fr\/wp-json\/wp\/v2\/product"}],"about":[{"href":"https:\/\/helliston.eu\/fr\/wp-json\/wp\/v2\/types\/product"}],"wp:featuredmedia":[{"embeddable":true,"href":"https:\/\/helliston.eu\/fr\/wp-json\/wp\/v2\/media\/7508"}],"wp:attachment":[{"href":"https:\/\/helliston.eu\/fr\/wp-json\/wp\/v2\/media?parent=6056"}],"wp:term":[{"taxonomy":"product_brand","embeddable":true,"href":"https:\/\/helliston.eu\/fr\/wp-json\/wp\/v2\/product_brand?post=6056"},{"taxonomy":"product_cat","embeddable":true,"href":"https:\/\/helliston.eu\/fr\/wp-json\/wp\/v2\/product_cat?post=6056"},{"taxonomy":"product_tag","embeddable":true,"href":"https:\/\/helliston.eu\/fr\/wp-json\/wp\/v2\/product_tag?post=6056"}],"curies":[{"name":"wp","href":"https:\/\/api.w.org\/{rel}","templated":true}]}}