{"id":6054,"date":"2019-12-25T13:09:53","date_gmt":"2020-01-10T17:39:45","guid":{"rendered":"https:\/\/helliston.eu\/?post_type=product&#038;p=6054"},"modified":"2021-02-21T19:29:49","modified_gmt":"2021-02-21T19:29:49","slug":"hss-wolfram-18-fers-de-degauchisseuse-de-rabot-320-x-18-x-3mm-pour-scheppach-hmc3200-hmc3200ci-2-pc","status":"publish","type":"product","link":"https:\/\/helliston.eu\/fr\/produit\/hss-wolfram-18-fers-de-degauchisseuse-de-rabot-320-x-18-x-3mm-pour-scheppach-hmc3200-hmc3200ci-2-pc\/","title":{"rendered":"HSS Wolfram 18% Lames\/ Fers de d\u00e9gauchisseuse\/ de rabot 320 x 18 x 3mm pour Scheppach HMC3200, HMC3200CI, 2 pc"},"content":{"rendered":"","protected":false},"excerpt":{"rendered":"<p><strong>T1 HSS Wolfram 18% Lames\/ Fers de rabot 320x18x3mm pour le<\/strong> <strong>raboteuse-d\u00e9gauchisseuse<\/strong><strong> Scheppach HMC3200, HMC3200CI.<\/strong> 2 fers\/ paquet. Faits en T1\u00a0HSS\u00a0W18% acier rapide de premi\u00e8re qualit\u00e9 (duret\u00e9 Rockwell 63-65HRC). Par rapport \u00e0 l\u2019acier ordinaire HSS, les fers T1 HSS W18\u00a0% sont plus durables \u2013 un choix excellent permettant de travailler tant le bois dur que le bois tendre! Ces fers sont r\u00e9affutables. Des informations suppl\u00e9mentaires peuvent \u00eatre trouv\u00e9es ci-dessous.<\/p>\n","protected":false},"featured_media":7586,"template":"","meta":[],"product_brand":[],"product_cat":[1367,1182,358,435],"product_tag":[],"class_list":{"0":"post-6054","1":"product","2":"type-product","3":"status-publish","4":"has-post-thumbnail","6":"product_cat-pour-raboteuse-degauchisseuse-scheppach-hms-hmc-3200-ci-320mm","7":"product_cat-lames-fers-de-degauchisseuse-et-rabot-pour-scheppach","8":"product_cat-planer-blades-fr","9":"product_cat-320-pour-scheppach-hmc-3200-3200-ci","11":"first","12":"instock","13":"sale","14":"taxable","15":"shipping-taxable","16":"purchasable","17":"product-type-simple"},"jetpack_sharing_enabled":true,"_links":{"self":[{"href":"https:\/\/helliston.eu\/fr\/wp-json\/wp\/v2\/product\/6054","targetHints":{"allow":["GET"]}}],"collection":[{"href":"https:\/\/helliston.eu\/fr\/wp-json\/wp\/v2\/product"}],"about":[{"href":"https:\/\/helliston.eu\/fr\/wp-json\/wp\/v2\/types\/product"}],"wp:featuredmedia":[{"embeddable":true,"href":"https:\/\/helliston.eu\/fr\/wp-json\/wp\/v2\/media\/7586"}],"wp:attachment":[{"href":"https:\/\/helliston.eu\/fr\/wp-json\/wp\/v2\/media?parent=6054"}],"wp:term":[{"taxonomy":"product_brand","embeddable":true,"href":"https:\/\/helliston.eu\/fr\/wp-json\/wp\/v2\/product_brand?post=6054"},{"taxonomy":"product_cat","embeddable":true,"href":"https:\/\/helliston.eu\/fr\/wp-json\/wp\/v2\/product_cat?post=6054"},{"taxonomy":"product_tag","embeddable":true,"href":"https:\/\/helliston.eu\/fr\/wp-json\/wp\/v2\/product_tag?post=6054"}],"curies":[{"name":"wp","href":"https:\/\/api.w.org\/{rel}","templated":true}]}}