{"id":6052,"date":"2019-12-25T12:48:54","date_gmt":"2020-01-10T17:30:53","guid":{"rendered":"https:\/\/helliston.eu\/?post_type=product&#038;p=6052"},"modified":"2021-02-21T19:44:10","modified_gmt":"2021-02-21T19:44:10","slug":"hss-wolfram-18-fers-de-degauchisseuse-de-rabot-317-x-12-x-15mm-pour-triton-tpt125-2-pc","status":"publish","type":"product","link":"https:\/\/helliston.eu\/fr\/produit\/hss-wolfram-18-fers-de-degauchisseuse-de-rabot-317-x-12-x-15mm-pour-triton-tpt125-2-pc\/","title":{"rendered":"HSS Wolfram 18% Lames\/ Fers de d\u00e9gauchisseuse\/ de rabot 317 x 12 x 1,5mm pour Triton TPT125, 2 pc"},"content":{"rendered":"","protected":false},"excerpt":{"rendered":"<p><strong>T1 HSS Wolfram 18% Lames\/ Fers de rabot 317x12x1,5mm pour le<\/strong> <strong>raboteuse-d\u00e9gauchisseuse<\/strong><strong> Triton TPT125.<\/strong> 2 fers\/ paquet. Faits en T1\u00a0HSS\u00a0W18% acier rapide de premi\u00e8re qualit\u00e9 (duret\u00e9 Rockwell 63-65HRC). Par rapport \u00e0 l\u2019acier ordinaire HSS, les fers T1 HSS W18\u00a0% sont plus durables \u2013 un choix excellent permettant de travailler tant le bois dur que le bois tendre! Ces fers sont r\u00e9affutables. Des informations suppl\u00e9mentaires peuvent \u00eatre trouv\u00e9es ci-dessous.<\/p>\n","protected":false},"featured_media":7313,"template":"","meta":[],"product_brand":[],"product_cat":[1190,1381,358,431],"product_tag":[],"class_list":{"0":"post-6052","1":"product","2":"type-product","3":"status-publish","4":"has-post-thumbnail","6":"product_cat-lames-fers-de-degauchisseuse-et-rabot-pour-triton","7":"product_cat-pour-raboteuse-degauchisseuse-triton-tpt-125-317mm","8":"product_cat-planer-blades-fr","9":"product_cat-317mm-pour-triton-tpt125","11":"first","12":"instock","13":"taxable","14":"shipping-taxable","15":"purchasable","16":"product-type-simple"},"jetpack_sharing_enabled":true,"_links":{"self":[{"href":"https:\/\/helliston.eu\/fr\/wp-json\/wp\/v2\/product\/6052","targetHints":{"allow":["GET"]}}],"collection":[{"href":"https:\/\/helliston.eu\/fr\/wp-json\/wp\/v2\/product"}],"about":[{"href":"https:\/\/helliston.eu\/fr\/wp-json\/wp\/v2\/types\/product"}],"wp:featuredmedia":[{"embeddable":true,"href":"https:\/\/helliston.eu\/fr\/wp-json\/wp\/v2\/media\/7313"}],"wp:attachment":[{"href":"https:\/\/helliston.eu\/fr\/wp-json\/wp\/v2\/media?parent=6052"}],"wp:term":[{"taxonomy":"product_brand","embeddable":true,"href":"https:\/\/helliston.eu\/fr\/wp-json\/wp\/v2\/product_brand?post=6052"},{"taxonomy":"product_cat","embeddable":true,"href":"https:\/\/helliston.eu\/fr\/wp-json\/wp\/v2\/product_cat?post=6052"},{"taxonomy":"product_tag","embeddable":true,"href":"https:\/\/helliston.eu\/fr\/wp-json\/wp\/v2\/product_tag?post=6052"}],"curies":[{"name":"wp","href":"https:\/\/api.w.org\/{rel}","templated":true}]}}