{"id":3342,"date":"2019-03-07T21:24:02","date_gmt":"2019-03-07T21:24:02","guid":{"rendered":"https:\/\/helliston.eu\/product\/hm-plaquettes-carbure-reversibles-amovibles-araseurs-14x14x1-2-mm-pour-porte-outils-helicoidal-calibrer-chantourner-dresser-profiler-feuillurer-tenon-10-pc\/"},"modified":"2019-07-01T08:40:28","modified_gmt":"2019-07-01T08:40:28","slug":"hm-plaquettes-carbure-reversibles-amovibles-araseurs-14x14x1-2-mm-pour-porte-outils-helicoidal-calibrer-chantourner-dresser-profiler-feuillurer-tenon-10-pc","status":"publish","type":"product","link":"https:\/\/helliston.eu\/fr\/produit\/hm-plaquettes-carbure-reversibles-amovibles-araseurs-14x14x1-2-mm-pour-porte-outils-helicoidal-calibrer-chantourner-dresser-profiler-feuillurer-tenon-10-pc\/","title":{"rendered":"HM Plaquettes carbure r\u00e9versibles 14x14x1.2mm pour porte-outils h\u00e9lico\u00efdal"},"content":{"rendered":"","protected":false},"excerpt":{"rendered":"<p><strong>Les plaquettes carbure r\u00e9versibles 14x14x1,2mm <\/strong><strong>sont faites en carbure de tungst\u00e8ne<\/strong>\u00a0<strong>tr\u00e8s durable<\/strong>, c\u2019est pourquoi elles conviennent pour traiter le HDF, le MDF, les panneaux de particules, le bois de feuillus comme le bois de conif\u00e8res. Par leurs propri\u00e9t\u00e9s, elles correspondent au mat\u00e9riau KCR08 qui r\u00e9siste environ 20 % plus longtemps que les m\u00e9taux durs commun\u00e9ment r\u00e9pandus (HC05, HC35, etc.). Des informations suppl\u00e9mentaires sont donn\u00e9es ci-dessous.<\/p>\n","protected":false},"featured_media":2790,"template":"","meta":[],"product_brand":[],"product_cat":[366],"product_tag":[],"class_list":{"0":"post-3342","1":"product","2":"type-product","3":"status-publish","4":"has-post-thumbnail","6":"product_cat-plaquettes-reversibles","8":"first","9":"instock","10":"taxable","11":"shipping-taxable","12":"purchasable","13":"product-type-simple"},"jetpack_sharing_enabled":true,"_links":{"self":[{"href":"https:\/\/helliston.eu\/fr\/wp-json\/wp\/v2\/product\/3342","targetHints":{"allow":["GET"]}}],"collection":[{"href":"https:\/\/helliston.eu\/fr\/wp-json\/wp\/v2\/product"}],"about":[{"href":"https:\/\/helliston.eu\/fr\/wp-json\/wp\/v2\/types\/product"}],"wp:featuredmedia":[{"embeddable":true,"href":"https:\/\/helliston.eu\/fr\/wp-json\/wp\/v2\/media\/2790"}],"wp:attachment":[{"href":"https:\/\/helliston.eu\/fr\/wp-json\/wp\/v2\/media?parent=3342"}],"wp:term":[{"taxonomy":"product_brand","embeddable":true,"href":"https:\/\/helliston.eu\/fr\/wp-json\/wp\/v2\/product_brand?post=3342"},{"taxonomy":"product_cat","embeddable":true,"href":"https:\/\/helliston.eu\/fr\/wp-json\/wp\/v2\/product_cat?post=3342"},{"taxonomy":"product_tag","embeddable":true,"href":"https:\/\/helliston.eu\/fr\/wp-json\/wp\/v2\/product_tag?post=3342"}],"curies":[{"name":"wp","href":"https:\/\/api.w.org\/{rel}","templated":true}]}}