{"id":3340,"date":"2019-03-07T22:24:31","date_gmt":"2019-03-07T22:24:31","guid":{"rendered":"https:\/\/helliston.eu\/product\/hm-plaquettes-carbure-reversibles-30x12x1-5mm-pour-les-porte-outils-a-moulurer\/"},"modified":"2020-07-01T14:59:59","modified_gmt":"2020-07-01T14:59:59","slug":"hm-plaquettes-carbure-reversibles-30x12x1-5mm-pour-les-porte-outils-a-moulurer","status":"publish","type":"product","link":"https:\/\/helliston.eu\/fr\/produit\/hm-plaquettes-carbure-reversibles-30x12x1-5mm-pour-les-porte-outils-a-moulurer\/","title":{"rendered":"HM Plaquettes carbure r\u00e9versibles 30x12x1.5mm pour les porte-outils \u00e0 moulurer"},"content":{"rendered":"","protected":false},"excerpt":{"rendered":"<p><strong>Les plaquettes carbure r\u00e9versibles 30x12x1,5mm <\/strong><strong>sont faites en carbure de tungst\u00e8ne<\/strong>\u00a0<strong>tr\u00e8s durable<\/strong>, c\u2019est pourquoi elles conviennent pour traiter le HDF, le MDF, les panneaux de particules, le bois de feuillus comme le bois de conif\u00e8res. Par leurs propri\u00e9t\u00e9s, elles correspondent au mat\u00e9riau KCR08 qui r\u00e9siste environ 20 % plus longtemps que les m\u00e9taux durs commun\u00e9ment r\u00e9pandus (HC05, HC35, etc.). Des informations suppl\u00e9mentaires sont donn\u00e9es ci-dessous.<\/p>\n","protected":false},"featured_media":2820,"template":"","meta":[],"product_brand":[],"product_cat":[366],"product_tag":[],"class_list":{"0":"post-3340","1":"product","2":"type-product","3":"status-publish","4":"has-post-thumbnail","6":"product_cat-plaquettes-reversibles","8":"first","9":"outofstock","10":"taxable","11":"shipping-taxable","12":"purchasable","13":"product-type-simple"},"jetpack_sharing_enabled":true,"_links":{"self":[{"href":"https:\/\/helliston.eu\/fr\/wp-json\/wp\/v2\/product\/3340","targetHints":{"allow":["GET"]}}],"collection":[{"href":"https:\/\/helliston.eu\/fr\/wp-json\/wp\/v2\/product"}],"about":[{"href":"https:\/\/helliston.eu\/fr\/wp-json\/wp\/v2\/types\/product"}],"wp:featuredmedia":[{"embeddable":true,"href":"https:\/\/helliston.eu\/fr\/wp-json\/wp\/v2\/media\/2820"}],"wp:attachment":[{"href":"https:\/\/helliston.eu\/fr\/wp-json\/wp\/v2\/media?parent=3340"}],"wp:term":[{"taxonomy":"product_brand","embeddable":true,"href":"https:\/\/helliston.eu\/fr\/wp-json\/wp\/v2\/product_brand?post=3340"},{"taxonomy":"product_cat","embeddable":true,"href":"https:\/\/helliston.eu\/fr\/wp-json\/wp\/v2\/product_cat?post=3340"},{"taxonomy":"product_tag","embeddable":true,"href":"https:\/\/helliston.eu\/fr\/wp-json\/wp\/v2\/product_tag?post=3340"}],"curies":[{"name":"wp","href":"https:\/\/api.w.org\/{rel}","templated":true}]}}