{"id":3339,"date":"2019-03-07T22:25:44","date_gmt":"2019-03-07T22:25:44","guid":{"rendered":"https:\/\/helliston.eu\/product\/hm-plaquettes-carbure-reversibles-40x12x1-5mm-pour-porte-outils-a-moulurer\/"},"modified":"2024-07-09T08:54:05","modified_gmt":"2024-07-09T08:54:05","slug":"plaquettes-carbure-reversibles-40x12x1-5mm","status":"publish","type":"product","link":"https:\/\/helliston.eu\/fr\/produit\/plaquettes-carbure-reversibles-40x12x1-5mm\/","title":{"rendered":"Plaquettes carbure r\u00e9versibles 40x12x1.5mm"},"content":{"rendered":"","protected":false},"excerpt":{"rendered":"<p>Plaquettes en carbure 40x12x1,5mm, 35\u00b0, 2 ar\u00eates de coupe. Fabriqu\u00e9es \u00e0 partir de carbure de tungst\u00e8ne tr\u00e8s fin avec une duret\u00e9 Rockwell de 93,6 HRA, ces lames r\u00e9versibles 50 x 12 x 1,5 mm sont extr\u00eamement durables et performantes. Polyvalentes, ces plaquettes sont id\u00e9ales pour une utilisation sur divers mat\u00e9riaux, y compris les panneaux de particules, HDF, MDF, bois tendre, bois dur et m\u00eame les m\u00e9taux non ferreux. Les quatre ar\u00eates de coupe, aff\u00fbt\u00e9es \u00e0 Ra0.2, garantissent une nettet\u00e9 optimale et une finition parfaite \u00e0 chaque utilisation.<\/p>\n","protected":false},"featured_media":25632,"template":"","meta":[],"product_brand":[],"product_cat":[366],"product_tag":[],"class_list":{"0":"post-3339","1":"product","2":"type-product","3":"status-publish","4":"has-post-thumbnail","6":"product_cat-plaquettes-reversibles","8":"first","9":"instock","10":"taxable","11":"shipping-taxable","12":"purchasable","13":"product-type-variable"},"jetpack_sharing_enabled":true,"_links":{"self":[{"href":"https:\/\/helliston.eu\/fr\/wp-json\/wp\/v2\/product\/3339","targetHints":{"allow":["GET"]}}],"collection":[{"href":"https:\/\/helliston.eu\/fr\/wp-json\/wp\/v2\/product"}],"about":[{"href":"https:\/\/helliston.eu\/fr\/wp-json\/wp\/v2\/types\/product"}],"wp:featuredmedia":[{"embeddable":true,"href":"https:\/\/helliston.eu\/fr\/wp-json\/wp\/v2\/media\/25632"}],"wp:attachment":[{"href":"https:\/\/helliston.eu\/fr\/wp-json\/wp\/v2\/media?parent=3339"}],"wp:term":[{"taxonomy":"product_brand","embeddable":true,"href":"https:\/\/helliston.eu\/fr\/wp-json\/wp\/v2\/product_brand?post=3339"},{"taxonomy":"product_cat","embeddable":true,"href":"https:\/\/helliston.eu\/fr\/wp-json\/wp\/v2\/product_cat?post=3339"},{"taxonomy":"product_tag","embeddable":true,"href":"https:\/\/helliston.eu\/fr\/wp-json\/wp\/v2\/product_tag?post=3339"}],"curies":[{"name":"wp","href":"https:\/\/api.w.org\/{rel}","templated":true}]}}