{"id":25022,"date":"2024-05-03T19:44:28","date_gmt":"2024-05-04T15:19:20","guid":{"rendered":"https:\/\/helliston.eu\/product\/lame-rechange-pour-habo-grattoir-carbure-tungstene-metal-dur-25mm-50mm-65mm\/"},"modified":"2024-05-04T15:19:20","modified_gmt":"2024-05-04T15:19:20","slug":"lame-rechange-pour-habo-grattoir-carbure-tungstene-metal-dur-25mm-50mm-65mm","status":"publish","type":"product","link":"https:\/\/helliston.eu\/fr\/produit\/lame-rechange-pour-habo-grattoir-carbure-tungstene-metal-dur-25mm-50mm-65mm\/","title":{"rendered":"Lames en carbure pour grattoir Habo 25mm, 50mm, 65mm"},"content":{"rendered":"","protected":false},"excerpt":{"rendered":"<p>Lames de rechange en carbure pour le grattoir Habo 25-mm, 50-mm, 65-mm. Fabriqu\u00e9 \u00e0 partir carbure de tungst\u00e8ne \u00e0 micro-grain de haute qualit\u00e9. Les lames de rechange sont extr\u00eamement tranchantes et id\u00e9ales pour enlever l\u2019antifouling, la peinture, la rouille et le vernis. Le m\u00e9tal dur assure une durabilit\u00e9 \u00e9lev\u00e9e, m\u00eame dans les projets exigeants.<\/p>\n","protected":false},"featured_media":24961,"template":"","meta":[],"product_brand":[],"product_cat":[3663,361],"product_tag":[],"class_list":{"0":"post-25022","1":"product","2":"type-product","3":"status-publish","4":"has-post-thumbnail","6":"product_cat-pour-grattoir-a-peinture-habo","7":"product_cat-lames-de-rechange-pour-grattoir-racleur-pour-scrapers-sandvik-bahco-ergo-625-650-50mm-25mm-65mm-pear-round-drop-rond-poire-goutte-allway-storch-techno","9":"first","10":"instock","11":"taxable","12":"shipping-taxable","13":"purchasable","14":"product-type-variable"},"jetpack_sharing_enabled":true,"_links":{"self":[{"href":"https:\/\/helliston.eu\/fr\/wp-json\/wp\/v2\/product\/25022","targetHints":{"allow":["GET"]}}],"collection":[{"href":"https:\/\/helliston.eu\/fr\/wp-json\/wp\/v2\/product"}],"about":[{"href":"https:\/\/helliston.eu\/fr\/wp-json\/wp\/v2\/types\/product"}],"wp:featuredmedia":[{"embeddable":true,"href":"https:\/\/helliston.eu\/fr\/wp-json\/wp\/v2\/media\/24961"}],"wp:attachment":[{"href":"https:\/\/helliston.eu\/fr\/wp-json\/wp\/v2\/media?parent=25022"}],"wp:term":[{"taxonomy":"product_brand","embeddable":true,"href":"https:\/\/helliston.eu\/fr\/wp-json\/wp\/v2\/product_brand?post=25022"},{"taxonomy":"product_cat","embeddable":true,"href":"https:\/\/helliston.eu\/fr\/wp-json\/wp\/v2\/product_cat?post=25022"},{"taxonomy":"product_tag","embeddable":true,"href":"https:\/\/helliston.eu\/fr\/wp-json\/wp\/v2\/product_tag?post=25022"}],"curies":[{"name":"wp","href":"https:\/\/api.w.org\/{rel}","templated":true}]}}