{"id":25016,"date":"2024-05-03T14:35:02","date_gmt":"2024-05-04T15:19:17","guid":{"rendered":"https:\/\/helliston.eu\/product\/lame-rechange-pour-anza-grattoir-carbure-tungstene-metal-dur\/"},"modified":"2024-05-04T16:19:28","modified_gmt":"2024-05-04T16:19:28","slug":"lame-rechange-pour-anza-grattoir-carbure-tungstene-metal-dur","status":"publish","type":"product","link":"https:\/\/helliston.eu\/fr\/produit\/lame-rechange-pour-anza-grattoir-carbure-tungstene-metal-dur\/","title":{"rendered":"Lames en carbure pour grattoir Anza, metal dur"},"content":{"rendered":"","protected":false},"excerpt":{"rendered":"<p>Lames de rechange en carbure pour le grattoir Anza. Fabriqu\u00e9 \u00e0 partir carbure de tungst\u00e8ne \u00e0 micro-grain de haute qualit\u00e9. Les lames de rechange sont extr\u00eamement tranchantes et id\u00e9ales pour enlever l\u2019antifouling, la peinture, la rouille et le vernis. Le m\u00e9tal dur assure une durabilit\u00e9 \u00e9lev\u00e9e, m\u00eame dans les projets exigeants. Dans notre liste, vous trouverez des lames de 50 mm, 25 mm (triangle), en forme de poire, de goutte et rondes. Les lames de 50 mm sont r\u00e9versibles et peuvent \u00eatre utilis\u00e9es des deux c\u00f4t\u00e9s.<\/p>\n<p><strong>Veuillez noter que les lames de 50 mm :<\/strong><\/p>\n<ul>\n<li><strong>sont vendues par paire, c&rsquo;est-\u00e0-dire qu&rsquo;un paquet contient 2 lames de rechange !<\/strong><\/li>\n<li><strong>sont pour les grattoirs Anza dits \u00e0 t\u00eate marteau et \u00e0 deux mains !<\/strong><\/li>\n<\/ul>\n","protected":false},"featured_media":24858,"template":"","meta":[],"product_brand":[],"product_cat":[3660,361],"product_tag":[],"class_list":{"0":"post-25016","1":"product","2":"type-product","3":"status-publish","4":"has-post-thumbnail","6":"product_cat-pour-grattoir-a-peinture-anza","7":"product_cat-lames-de-rechange-pour-grattoir-racleur-pour-scrapers-sandvik-bahco-ergo-625-650-50mm-25mm-65mm-pear-round-drop-rond-poire-goutte-allway-storch-techno","9":"first","10":"instock","11":"taxable","12":"shipping-taxable","13":"purchasable","14":"product-type-variable"},"jetpack_sharing_enabled":true,"_links":{"self":[{"href":"https:\/\/helliston.eu\/fr\/wp-json\/wp\/v2\/product\/25016","targetHints":{"allow":["GET"]}}],"collection":[{"href":"https:\/\/helliston.eu\/fr\/wp-json\/wp\/v2\/product"}],"about":[{"href":"https:\/\/helliston.eu\/fr\/wp-json\/wp\/v2\/types\/product"}],"wp:featuredmedia":[{"embeddable":true,"href":"https:\/\/helliston.eu\/fr\/wp-json\/wp\/v2\/media\/24858"}],"wp:attachment":[{"href":"https:\/\/helliston.eu\/fr\/wp-json\/wp\/v2\/media?parent=25016"}],"wp:term":[{"taxonomy":"product_brand","embeddable":true,"href":"https:\/\/helliston.eu\/fr\/wp-json\/wp\/v2\/product_brand?post=25016"},{"taxonomy":"product_cat","embeddable":true,"href":"https:\/\/helliston.eu\/fr\/wp-json\/wp\/v2\/product_cat?post=25016"},{"taxonomy":"product_tag","embeddable":true,"href":"https:\/\/helliston.eu\/fr\/wp-json\/wp\/v2\/product_tag?post=25016"}],"curies":[{"name":"wp","href":"https:\/\/api.w.org\/{rel}","templated":true}]}}