{"id":24981,"date":"2024-05-03T14:15:04","date_gmt":"2024-05-04T09:58:57","guid":{"rendered":"https:\/\/helliston.eu\/product\/pour-grattoir-gelplane-vacuum-vakuum-a-vide-pro-scraper-lames-rechange-carbure-tungstene-metal-dur\/"},"modified":"2024-05-04T15:00:58","modified_gmt":"2024-05-04T15:00:58","slug":"pour-grattoir-gelplane-vacuum-vakuum-a-vide-pro-scraper-lames-rechange-carbure-tungstene-metal-dur","status":"publish","type":"product","link":"https:\/\/helliston.eu\/fr\/produit\/pour-grattoir-gelplane-vacuum-vakuum-a-vide-pro-scraper-lames-rechange-carbure-tungstene-metal-dur\/","title":{"rendered":"Lames en carbure pour grattoir \u00e0 vide Gelplane Pro Scraper, m\u00e9tal dur"},"content":{"rendered":"","protected":false},"excerpt":{"rendered":"<p>Lames de rechange en carbure pour le grattoir \u00e0 vide Gelplane Pro Scraper Vacuum. Fabriqu\u00e9 \u00e0 partir carbure de tungst\u00e8ne \u00e0 micro-grain de haute qualit\u00e9. Les lames de rechange sont extr\u00eamement tranchantes et id\u00e9ales pour enlever l&rsquo;antifouling, la peinture, la rouille et le vernis. Le m\u00e9tal dur assure une durabilit\u00e9 \u00e9lev\u00e9e, m\u00eame dans les projets exigeants. De plus, les lames de rechange pour le grattoir \u00e0 vide Gelplane Vacuum Pro sont r\u00e9versibles et peuvent \u00eatre utilis\u00e9es des deux c\u00f4t\u00e9s.<\/p>\n<p><strong>Veuillez noter que les lames de rechange pour le grattoir Gelplane <\/strong><strong style=\"color: #333333;\">sont vendues par paire, c&rsquo;est-\u00e0-dire qu&rsquo;un paquet contient 2 lames de rechange !<\/strong><\/p>\n","protected":false},"featured_media":24822,"template":"","meta":[],"product_brand":[],"product_cat":[3662,361],"product_tag":[],"class_list":{"0":"post-24981","1":"product","2":"type-product","3":"status-publish","4":"has-post-thumbnail","6":"product_cat-pour-grattoir-a-peinture-gelplane-proscraper-vacuum","7":"product_cat-lames-de-rechange-pour-grattoir-racleur-pour-scrapers-sandvik-bahco-ergo-625-650-50mm-25mm-65mm-pear-round-drop-rond-poire-goutte-allway-storch-techno","9":"first","10":"instock","11":"taxable","12":"shipping-taxable","13":"purchasable","14":"product-type-simple"},"jetpack_sharing_enabled":true,"_links":{"self":[{"href":"https:\/\/helliston.eu\/fr\/wp-json\/wp\/v2\/product\/24981","targetHints":{"allow":["GET"]}}],"collection":[{"href":"https:\/\/helliston.eu\/fr\/wp-json\/wp\/v2\/product"}],"about":[{"href":"https:\/\/helliston.eu\/fr\/wp-json\/wp\/v2\/types\/product"}],"wp:featuredmedia":[{"embeddable":true,"href":"https:\/\/helliston.eu\/fr\/wp-json\/wp\/v2\/media\/24822"}],"wp:attachment":[{"href":"https:\/\/helliston.eu\/fr\/wp-json\/wp\/v2\/media?parent=24981"}],"wp:term":[{"taxonomy":"product_brand","embeddable":true,"href":"https:\/\/helliston.eu\/fr\/wp-json\/wp\/v2\/product_brand?post=24981"},{"taxonomy":"product_cat","embeddable":true,"href":"https:\/\/helliston.eu\/fr\/wp-json\/wp\/v2\/product_cat?post=24981"},{"taxonomy":"product_tag","embeddable":true,"href":"https:\/\/helliston.eu\/fr\/wp-json\/wp\/v2\/product_tag?post=24981"}],"curies":[{"name":"wp","href":"https:\/\/api.w.org\/{rel}","templated":true}]}}