{"id":24361,"date":"2024-02-25T14:50:58","date_gmt":"2024-05-04T19:34:28","guid":{"rendered":"https:\/\/helliston.eu\/?post_type=product&#038;p=24361"},"modified":"2024-05-04T19:34:28","modified_gmt":"2024-05-04T19:34:28","slug":"t1-w18-fers-lames-de-rabot-pour-degauchisseuse-raboteuse-robland-nxsd410-kd410-ks410-hss-tungstene-wolfram-18-410x25x3-mm","status":"publish","type":"product","link":"https:\/\/helliston.eu\/fr\/produit\/t1-w18-fers-lames-de-rabot-pour-degauchisseuse-raboteuse-robland-nxsd410-kd410-ks410-hss-tungstene-wolfram-18-410x25x3-mm\/","title":{"rendered":"T1 W18% Fers de rabot pour Robland NXSD410, KD410, KS410, HSS Tungst\u00e8ne 18%, 410x25x3 mm"},"content":{"rendered":"<p>Helliston HSS W18% fers de rabot pour raboteuse-d\u00e9gauchisseuse Robland NXSD410, KD410, KS410. Nos lames de rabot pr\u00e9sentent un bord exceptionnellement tranchant (0,2RA) et une durabilit\u00e9 robuste. Une teneur en tungst\u00e8ne de 18% et une duret\u00e9 du m\u00e9tal de 66 HRC selon Rockwell assurent une dur\u00e9e de vie durable et d&rsquo;excellentes performances de coupe, m\u00eame dans des projets exigeants.<\/p>\n<ol>\n<li><strong>Quantit\u00e9 et dimensions :<\/strong>\n<ul>\n<li>1 jeu de 3 fers de rabot 410 x 25 x 3 mm pour raboteuse-d\u00e9gauchisseuse Robland NXSD410, KD410, KS410<\/li>\n<\/ul>\n<\/li>\n<li><strong>Lames tranchantes et durables :<\/strong>\n<ul>\n<li>Nos lames de raboteuse pr\u00e9sentent un tranchant exceptionnellement aiguis\u00e9, rectifi\u00e9 pour une finition de surface de 0,2Ra.<\/li>\n<li>L&rsquo;acier rapide au tungst\u00e8ne 18% assure une longue dur\u00e9e de vie et des performances de coupe sup\u00e9rieures.<\/li>\n<li>Nos fers de rabot pour la d\u00e9gau-rabot Robland NXSD410, KD410, KS410 sont tremp\u00e9es \u00e0 une duret\u00e9 Rockwell de 66 HRC, ce qui am\u00e9liore encore leur durabilit\u00e9.<\/li>\n<\/ul>\n<\/li>\n<li><strong>Divers types de bois :<\/strong>\n<ul>\n<li>Nos fers de rabot pour raboteuse et d\u00e9gauchisseuse Robland NXSD410, KD410, KS410 sont id\u00e9ales pour travailler aussi bien les bois tendres que les bois durs, du ch\u00eane au pin.<\/li>\n<\/ul>\n<\/li>\n<li><strong>Service client :<\/strong>\n<ul>\n<li>N&rsquo;h\u00e9sitez pas \u00e0 nous contacter par e-mail pour toute question ; nous sommes pr\u00eats \u00e0 vous aider.<\/li>\n<\/ul>\n<\/li>\n<\/ol>\n","protected":false},"excerpt":{"rendered":"<p>T1 HSS W18% fers de rabot pour d\u00e9gauchisseuse-raboteuse Robland NXSD410, KD410, KS410, 410 x 25 x 3 mm. 3 fers de rabot\/paquet. Fabriqu\u00e9 en acier rapide HSS durable avec une teneur en tungst\u00e8ne de 18% (duret\u00e9 Rockwell : 66HRC). Les lames sont aff\u00fbt\u00e9es \u00e0 0,2RA et peuvent \u00eatre r\u00e9aff\u00fbt\u00e9es. Voir ci-dessous pour plus de d\u00e9tails.<\/p>\n","protected":false},"featured_media":24553,"template":"","meta":[],"product_brand":[],"product_cat":[3931,3932,3930,3911,817],"product_tag":[],"class_list":{"0":"post-24361","1":"product","2":"type-product","3":"status-publish","4":"has-post-thumbnail","6":"product_cat-kd410-fr","7":"product_cat-ks410-fr","8":"product_cat-nxsd410-fr","9":"product_cat-robland-fr","10":"product_cat-fers-de-rabot-par-marques","12":"first","13":"instock","14":"taxable","15":"shipping-taxable","16":"purchasable","17":"product-type-simple"},"jetpack_sharing_enabled":true,"_links":{"self":[{"href":"https:\/\/helliston.eu\/fr\/wp-json\/wp\/v2\/product\/24361","targetHints":{"allow":["GET"]}}],"collection":[{"href":"https:\/\/helliston.eu\/fr\/wp-json\/wp\/v2\/product"}],"about":[{"href":"https:\/\/helliston.eu\/fr\/wp-json\/wp\/v2\/types\/product"}],"wp:featuredmedia":[{"embeddable":true,"href":"https:\/\/helliston.eu\/fr\/wp-json\/wp\/v2\/media\/24553"}],"wp:attachment":[{"href":"https:\/\/helliston.eu\/fr\/wp-json\/wp\/v2\/media?parent=24361"}],"wp:term":[{"taxonomy":"product_brand","embeddable":true,"href":"https:\/\/helliston.eu\/fr\/wp-json\/wp\/v2\/product_brand?post=24361"},{"taxonomy":"product_cat","embeddable":true,"href":"https:\/\/helliston.eu\/fr\/wp-json\/wp\/v2\/product_cat?post=24361"},{"taxonomy":"product_tag","embeddable":true,"href":"https:\/\/helliston.eu\/fr\/wp-json\/wp\/v2\/product_tag?post=24361"}],"curies":[{"name":"wp","href":"https:\/\/api.w.org\/{rel}","templated":true}]}}