{"id":24028,"date":"2024-02-25T11:33:21","date_gmt":"2024-05-04T19:34:55","guid":{"rendered":"https:\/\/helliston.eu\/?post_type=product&#038;p=24028"},"modified":"2024-05-04T19:34:55","modified_gmt":"2024-05-04T19:34:55","slug":"t1-w18-fers-lames-rabot-pour-kity-635-hss-tungstene-wolfram-18-200x35x3mm","status":"publish","type":"product","link":"https:\/\/helliston.eu\/fr\/produit\/t1-w18-fers-lames-rabot-pour-kity-635-hss-tungstene-wolfram-18-200x35x3mm\/","title":{"rendered":"T1 W18% Fers de rabot pour Kity 635, HSS Tungst\u00e8ne 18%, 200x35x3mm"},"content":{"rendered":"<p>Helliston HSS W18% fers de rabot pour d\u00e9gauchisseuse-raboteuse Kity 635. Nos lames de rabot pr\u00e9sentent un bord exceptionnellement tranchant (0,2RA) et une durabilit\u00e9 robuste. Une teneur en tungst\u00e8ne de 18% et une duret\u00e9 du m\u00e9tal de 66 HRC selon Rockwell assurent une dur\u00e9e de vie durable et d&rsquo;excellentes performances de coupe, m\u00eame dans des projets exigeants.<\/p>\n<ol>\n<li><strong>Quantit\u00e9 et dimensions :<\/strong>\n<ul>\n<li>1 jeu de 2 lames de rabot 200 x 35 x 3 mm pour raboteuse-d\u00e9gauchisseuse Kity 635<\/li>\n<\/ul>\n<\/li>\n<li><strong>Lames tranchantes et durables :<\/strong>\n<ul>\n<li>Nos lames de raboteuse pr\u00e9sentent un tranchant exceptionnellement aiguis\u00e9, rectifi\u00e9 pour une finition de surface de 0,2Ra.<\/li>\n<li>L&rsquo;acier rapide au tungst\u00e8ne 18% assure une longue dur\u00e9e de vie et des performances de coupe sup\u00e9rieures.<\/li>\n<li>Nos lames de raboteuse pour d\u00e9gau-rabot Kity 635 sont tremp\u00e9es \u00e0 une duret\u00e9 Rockwell de 66 HRC, ce qui am\u00e9liore encore leur durabilit\u00e9.<\/li>\n<\/ul>\n<\/li>\n<li><strong>Emballage \u00e9cologique :<br \/>\n<\/strong><div class=\"row\"  id=\"row-2117483654\">\n\t<div id=\"col-727947323\" class=\"col medium-1\/4 large-3\"  >\n\t\t\t\t<div class=\"col-inner\"  >\n\t\t\t\n\t\t\t<img loading=\"lazy\" decoding=\"async\" class=\"alignnone size-medium wp-image-22538\" src=\"https:\/\/helliston.eu\/wp-content\/uploads\/2022\/01\/symbols-188x300.jpg\" alt=\"\" width=\"188\" height=\"300\" srcset=\"https:\/\/helliston.eu\/wp-content\/uploads\/2022\/01\/symbols-188x300.jpg 188w, https:\/\/helliston.eu\/wp-content\/uploads\/2022\/01\/symbols-642x1024.jpg 642w, https:\/\/helliston.eu\/wp-content\/uploads\/2022\/01\/symbols-768x1226.jpg 768w, https:\/\/helliston.eu\/wp-content\/uploads\/2022\/01\/symbols-510x814.jpg 510w, https:\/\/helliston.eu\/wp-content\/uploads\/2022\/01\/symbols.jpg 797w\" sizes=\"auto, (max-width: 188px) 100vw, 188px\" \/>\t\t<\/div>\n\t\t\t\t\t<\/div>\n\n\t\n\n\t<div id=\"col-141544380\" class=\"col medium-3\/4 large-9\"  >\n\t\t\t\t<div class=\"col-inner\"  >\n\t\t\t\n\t\t\t\n<ul>\n<li>Notre ensemble de 2 lames de rechange pour rabot Kity 635 est livr\u00e9 dans un emballage \u00e9cologique : 95 % de carton rigide et 5 % de plastique biod\u00e9gradable.<\/li>\n<li>Comme les lames sont huil\u00e9es, nous utilisons de petits sacs en plastique biod\u00e9gradable faciles \u00e0 s\u00e9parer du reste de l&#8217;emballage du produit. Ils peuvent \u00eatre mis dans le bac \u00e0 compost, ou si cela n&rsquo;est pas possible, ils peuvent \u00eatre facilement recycl\u00e9s.<\/li>\n<li>M\u00eame les enveloppes en carton dans lesquelles nous exp\u00e9dions nos produits sont sp\u00e9cialement con\u00e7ues pour nos lames afin de minimiser l&rsquo;utilisation de mat\u00e9riau et d&rsquo;\u00e9viter un espace vide suppl\u00e9mentaire dans l&#8217;emballage.<\/li>\n<\/ul>\n\t\t<\/div>\n\t\t\t\t\t<\/div>\n\n\t\n<\/div><\/li>\n<li><strong>Divers types de bois :<\/strong>\n<ul>\n<li>Nos fers de rabot pour raboteuse et d\u00e9gauchisseuse Kity 635 sont id\u00e9ales pour travailler les bois tendres et durs, du ch\u00eane au pin.<\/li>\n<\/ul>\n<\/li>\n<li><strong>Service client :<\/strong>\n<ul>\n<li>N&rsquo;h\u00e9sitez pas \u00e0 nous contacter par e-mail pour toute question ; nous sommes pr\u00eats \u00e0 vous aider.<\/li>\n<\/ul>\n<\/li>\n<\/ol>\n","protected":false},"excerpt":{"rendered":"<p>T1 HSS W18% fers de rabot pour d\u00e9gauchisseuse-raboteuse Kity 635, 200x35x3mm. 2 fers de rabot-degau par paquet. Fabriqu\u00e9 en acier rapide HSS durable avec une teneur en tungst\u00e8ne de 18% (duret\u00e9 Rockwell : 66HRC). Les lames sont aff\u00fbt\u00e9es \u00e0 0,2RA et peuvent \u00eatre r\u00e9aff\u00fbt\u00e9es. Emballage \u00e9cologique (carton dur et plastique biod\u00e9gradable). Voir ci-dessous pour plus de d\u00e9tails.<\/p>\n","protected":false},"featured_media":22388,"template":"","meta":[],"product_brand":[],"product_cat":[4186,817,2711],"product_tag":[],"class_list":{"0":"post-24028","1":"product","2":"type-product","3":"status-publish","4":"has-post-thumbnail","6":"product_cat-kity-635-fr","7":"product_cat-fers-de-rabot-par-marques","8":"product_cat-fers-lames-de-rabot-pour-kity","10":"first","11":"instock","12":"taxable","13":"shipping-taxable","14":"purchasable","15":"product-type-simple"},"jetpack_sharing_enabled":true,"_links":{"self":[{"href":"https:\/\/helliston.eu\/fr\/wp-json\/wp\/v2\/product\/24028","targetHints":{"allow":["GET"]}}],"collection":[{"href":"https:\/\/helliston.eu\/fr\/wp-json\/wp\/v2\/product"}],"about":[{"href":"https:\/\/helliston.eu\/fr\/wp-json\/wp\/v2\/types\/product"}],"wp:featuredmedia":[{"embeddable":true,"href":"https:\/\/helliston.eu\/fr\/wp-json\/wp\/v2\/media\/22388"}],"wp:attachment":[{"href":"https:\/\/helliston.eu\/fr\/wp-json\/wp\/v2\/media?parent=24028"}],"wp:term":[{"taxonomy":"product_brand","embeddable":true,"href":"https:\/\/helliston.eu\/fr\/wp-json\/wp\/v2\/product_brand?post=24028"},{"taxonomy":"product_cat","embeddable":true,"href":"https:\/\/helliston.eu\/fr\/wp-json\/wp\/v2\/product_cat?post=24028"},{"taxonomy":"product_tag","embeddable":true,"href":"https:\/\/helliston.eu\/fr\/wp-json\/wp\/v2\/product_tag?post=24028"}],"curies":[{"name":"wp","href":"https:\/\/api.w.org\/{rel}","templated":true}]}}