{"id":21271,"date":"2023-04-04T14:20:40","date_gmt":"2023-04-06T17:18:52","guid":{"rendered":"https:\/\/helliston.eu\/product\/lames-pour-bahco-ergo-625-650-665-grattoir-a-peinture\/"},"modified":"2023-04-07T05:56:37","modified_gmt":"2023-04-07T05:56:37","slug":"lames-couteaux-rechange-pour-grattoir-racloir-couteau-a-peinture-bahco-ergo-625-650-665","status":"publish","type":"product","link":"https:\/\/helliston.eu\/fr\/produit\/lames-couteaux-rechange-pour-grattoir-racloir-couteau-a-peinture-bahco-ergo-625-650-665\/","title":{"rendered":"Lames pour Bahco Ergo 625, 650, 665 grattoir \u00e0 peinture"},"content":{"rendered":"","protected":false},"excerpt":{"rendered":"<p>Lames de rechange en carbure pour grattoir \u00e0 peinture Bahco Ergo 625, 650, 665, Sandvik : triangle 25mm, 50mm, 65mm, en forme de goutte (DROP), rond (ROUND) et poire (PEAR). Fabriqu\u00e9 \u00e0 partir carbure de tungst\u00e8ne \u00e0 micro-grain de haute qualit\u00e9. Les lames de rechange restent aiguis\u00e9es environ 50 fois plus longtemps que les lames de grattoir conventionnelles. Convient parfaitement pour l&rsquo;antifouling, l&rsquo;\u00e9limination de la peinture et du vernis sur divers mat\u00e9riaux tels que le bois, le b\u00e9ton et le m\u00e9tal.<\/p>\n<p>***Notre propre marque. Les lames ne sont pas des alternatives bon march\u00e9 aux lames originales. Elles ont \u00e9t\u00e9 d\u00e9velopp\u00e9es en fonction de nos besoins dans notre atelier de restauration de vieilles fen\u00eatres et portes en bois. Nous pouvons garantir que les lames sont bien aiguis\u00e9es et qu&rsquo;elles durent longtemps.<\/p>\n","protected":false},"featured_media":24936,"template":"","meta":[],"product_brand":[],"product_cat":[3375,361],"product_tag":[],"class_list":{"0":"post-21271","1":"product","2":"type-product","3":"status-publish","4":"has-post-thumbnail","6":"product_cat-pour-grattoir-bahco-ergo-650-665-625","7":"product_cat-lames-de-rechange-pour-grattoir-racleur-pour-scrapers-sandvik-bahco-ergo-625-650-50mm-25mm-65mm-pear-round-drop-rond-poire-goutte-allway-storch-techno","9":"first","10":"instock","11":"taxable","12":"shipping-taxable","13":"purchasable","14":"product-type-variable"},"jetpack_sharing_enabled":true,"_links":{"self":[{"href":"https:\/\/helliston.eu\/fr\/wp-json\/wp\/v2\/product\/21271","targetHints":{"allow":["GET"]}}],"collection":[{"href":"https:\/\/helliston.eu\/fr\/wp-json\/wp\/v2\/product"}],"about":[{"href":"https:\/\/helliston.eu\/fr\/wp-json\/wp\/v2\/types\/product"}],"wp:featuredmedia":[{"embeddable":true,"href":"https:\/\/helliston.eu\/fr\/wp-json\/wp\/v2\/media\/24936"}],"wp:attachment":[{"href":"https:\/\/helliston.eu\/fr\/wp-json\/wp\/v2\/media?parent=21271"}],"wp:term":[{"taxonomy":"product_brand","embeddable":true,"href":"https:\/\/helliston.eu\/fr\/wp-json\/wp\/v2\/product_brand?post=21271"},{"taxonomy":"product_cat","embeddable":true,"href":"https:\/\/helliston.eu\/fr\/wp-json\/wp\/v2\/product_cat?post=21271"},{"taxonomy":"product_tag","embeddable":true,"href":"https:\/\/helliston.eu\/fr\/wp-json\/wp\/v2\/product_tag?post=21271"}],"curies":[{"name":"wp","href":"https:\/\/api.w.org\/{rel}","templated":true}]}}