{"id":21008,"date":"2023-04-03T19:53:36","date_gmt":"2023-04-03T19:53:40","guid":{"rendered":"https:\/\/helliston.eu\/?post_type=product&#038;p=21008"},"modified":"2023-04-04T14:16:57","modified_gmt":"2023-04-04T14:16:57","slug":"hm-tct-hw-hss-fers-lames-de-rabot-pour-starkeagb-ep-1050-82-x-29-x-3mm","status":"publish","type":"product","link":"https:\/\/helliston.eu\/fr\/produit\/hm-tct-hw-hss-fers-lames-de-rabot-pour-starkeagb-ep-1050-82-x-29-x-3mm\/","title":{"rendered":"Fers de rabot pour St\u00e4rkeAGB EP-1050, 82 x 29 x 3mm"},"content":{"rendered":"","protected":false},"excerpt":{"rendered":"<p>Fers de rabot pour St\u00e4rkeAGB EP-1050, 82 x 29 x 1,1mm. R\u00c9AFF\u00dbTABLE. 1 jeu = 2 couteaux de rabot.<\/p>\n<ul>\n<li>HSS = pour bois tendre et plus tranchant que les lames TCT<\/li>\n<li>TCT = pour le bois tendre et dur et dure jusqu&rsquo;\u00e0 5 fois plus longtemps que les lames de rabot HSS conventionnels<\/li>\n<\/ul>\n<p>Pour plus d\u2019information, voyez plus bas.<\/p>\n","protected":false},"featured_media":21174,"template":"","meta":[],"product_brand":[],"product_cat":[817],"product_tag":[],"class_list":{"0":"post-21008","1":"product","2":"type-product","3":"status-publish","4":"has-post-thumbnail","6":"product_cat-fers-de-rabot-par-marques","8":"first","9":"instock","10":"taxable","11":"shipping-taxable","12":"purchasable","13":"product-type-variable"},"jetpack_sharing_enabled":true,"_links":{"self":[{"href":"https:\/\/helliston.eu\/fr\/wp-json\/wp\/v2\/product\/21008","targetHints":{"allow":["GET"]}}],"collection":[{"href":"https:\/\/helliston.eu\/fr\/wp-json\/wp\/v2\/product"}],"about":[{"href":"https:\/\/helliston.eu\/fr\/wp-json\/wp\/v2\/types\/product"}],"wp:featuredmedia":[{"embeddable":true,"href":"https:\/\/helliston.eu\/fr\/wp-json\/wp\/v2\/media\/21174"}],"wp:attachment":[{"href":"https:\/\/helliston.eu\/fr\/wp-json\/wp\/v2\/media?parent=21008"}],"wp:term":[{"taxonomy":"product_brand","embeddable":true,"href":"https:\/\/helliston.eu\/fr\/wp-json\/wp\/v2\/product_brand?post=21008"},{"taxonomy":"product_cat","embeddable":true,"href":"https:\/\/helliston.eu\/fr\/wp-json\/wp\/v2\/product_cat?post=21008"},{"taxonomy":"product_tag","embeddable":true,"href":"https:\/\/helliston.eu\/fr\/wp-json\/wp\/v2\/product_tag?post=21008"}],"curies":[{"name":"wp","href":"https:\/\/api.w.org\/{rel}","templated":true}]}}