{"id":15398,"date":"2023-03-30T15:01:14","date_gmt":"2023-03-30T17:07:18","guid":{"rendered":"https:\/\/helliston.eu\/product\/fers-de-rabot-pour-makita-2012-2012nb-hm-tct-306x32x3mm\/"},"modified":"2023-03-30T18:08:58","modified_gmt":"2023-03-30T18:08:58","slug":"fers-lames-de-rabot-pour-makita-2012-2012nb-hm-tct-306x32x3mm","status":"publish","type":"product","link":"https:\/\/helliston.eu\/fr\/produit\/fers-lames-de-rabot-pour-makita-2012-2012nb-hm-tct-306x32x3mm\/","title":{"rendered":"Fers de rabot pour Makita 2012, 2012NB, HM\/TCT, 306x32x3mm"},"content":{"rendered":"","protected":false},"excerpt":{"rendered":"<p>HM\/TCT Fers de rabot pour raboteuse Makita 2012NB, 306x32x3mm. 2 lames\/ paquet Fabriqu\u00e9 \u00e0 partir carbure de tungst\u00e8ne (TCT). Les lames au carbure durent 5 fois plus longtemps que les fers de rabot HSS conventionnels. Les lames sont r\u00e9aff\u00fbtables. Pour plus d\u2019information, voyez plus bas.<\/p>\n","protected":false},"featured_media":15365,"template":"","meta":[],"product_brand":[],"product_cat":[1313,1169],"product_tag":[],"class_list":{"0":"post-15398","1":"product","2":"type-product","3":"status-publish","4":"has-post-thumbnail","6":"product_cat-pour-raboteuse-degauchisseuse-makita-2012-nb-306mm","7":"product_cat-lames-fers-de-degauchisseuse-et-rabot-pour-makita","9":"first","10":"instock","11":"taxable","12":"shipping-taxable","13":"purchasable","14":"product-type-simple"},"jetpack_sharing_enabled":true,"_links":{"self":[{"href":"https:\/\/helliston.eu\/fr\/wp-json\/wp\/v2\/product\/15398","targetHints":{"allow":["GET"]}}],"collection":[{"href":"https:\/\/helliston.eu\/fr\/wp-json\/wp\/v2\/product"}],"about":[{"href":"https:\/\/helliston.eu\/fr\/wp-json\/wp\/v2\/types\/product"}],"wp:featuredmedia":[{"embeddable":true,"href":"https:\/\/helliston.eu\/fr\/wp-json\/wp\/v2\/media\/15365"}],"wp:attachment":[{"href":"https:\/\/helliston.eu\/fr\/wp-json\/wp\/v2\/media?parent=15398"}],"wp:term":[{"taxonomy":"product_brand","embeddable":true,"href":"https:\/\/helliston.eu\/fr\/wp-json\/wp\/v2\/product_brand?post=15398"},{"taxonomy":"product_cat","embeddable":true,"href":"https:\/\/helliston.eu\/fr\/wp-json\/wp\/v2\/product_cat?post=15398"},{"taxonomy":"product_tag","embeddable":true,"href":"https:\/\/helliston.eu\/fr\/wp-json\/wp\/v2\/product_tag?post=15398"}],"curies":[{"name":"wp","href":"https:\/\/api.w.org\/{rel}","templated":true}]}}