{"id":15323,"date":"2023-03-30T14:53:05","date_gmt":"2023-03-30T16:53:48","guid":{"rendered":"https:\/\/helliston.eu\/product\/fers-de-rabot-pour-makita-kp312-kp312s-hm-tct-306x8x2mm\/"},"modified":"2023-03-30T18:09:36","modified_gmt":"2023-03-30T18:09:36","slug":"fers-lames-de-rabot-pour-makita-kp312-kp312s-hm-tct-306x8x2mm","status":"publish","type":"product","link":"https:\/\/helliston.eu\/fr\/produit\/fers-lames-de-rabot-pour-makita-kp312-kp312s-hm-tct-306x8x2mm\/","title":{"rendered":"Fers de rabot pour Makita KP312, KP312S, HM\/TCT, 306x8x2mm"},"content":{"rendered":"","protected":false},"excerpt":{"rendered":"<p>HM\/TCT fers de rabot pour Makita KP312, KP312S, 312 x 8 x 2 mm. 2 lames\/ paquet. Fabriqu\u00e9 \u00e0 partir carbure de tungst\u00e8ne (TCT). Les lames au carbure durent 5 fois plus longtemps que les fers de rabot HSS conventionnels. Les lames sont r\u00e9aff\u00fbtables. Pour plus d\u2019information, voyez plus bas.<\/p>\n","protected":false},"featured_media":15305,"template":"","meta":[],"product_brand":[],"product_cat":[1324,1169],"product_tag":[],"class_list":{"0":"post-15323","1":"product","2":"type-product","3":"status-publish","4":"has-post-thumbnail","6":"product_cat-pour-rabot-de-charpente-makita-kp312-s-312mm","7":"product_cat-lames-fers-de-degauchisseuse-et-rabot-pour-makita","9":"first","10":"instock","11":"taxable","12":"shipping-taxable","13":"purchasable","14":"product-type-simple"},"jetpack_sharing_enabled":true,"_links":{"self":[{"href":"https:\/\/helliston.eu\/fr\/wp-json\/wp\/v2\/product\/15323","targetHints":{"allow":["GET"]}}],"collection":[{"href":"https:\/\/helliston.eu\/fr\/wp-json\/wp\/v2\/product"}],"about":[{"href":"https:\/\/helliston.eu\/fr\/wp-json\/wp\/v2\/types\/product"}],"wp:featuredmedia":[{"embeddable":true,"href":"https:\/\/helliston.eu\/fr\/wp-json\/wp\/v2\/media\/15305"}],"wp:attachment":[{"href":"https:\/\/helliston.eu\/fr\/wp-json\/wp\/v2\/media?parent=15323"}],"wp:term":[{"taxonomy":"product_brand","embeddable":true,"href":"https:\/\/helliston.eu\/fr\/wp-json\/wp\/v2\/product_brand?post=15323"},{"taxonomy":"product_cat","embeddable":true,"href":"https:\/\/helliston.eu\/fr\/wp-json\/wp\/v2\/product_cat?post=15323"},{"taxonomy":"product_tag","embeddable":true,"href":"https:\/\/helliston.eu\/fr\/wp-json\/wp\/v2\/product_tag?post=15323"}],"curies":[{"name":"wp","href":"https:\/\/api.w.org\/{rel}","templated":true}]}}