{"id":15298,"date":"2023-03-30T14:50:22","date_gmt":"2023-03-30T16:32:10","guid":{"rendered":"https:\/\/helliston.eu\/product\/fers-de-rabot-pour-makita-1805-1805b-1805n-hm-tct-155x32x3mm\/"},"modified":"2023-03-30T18:09:38","modified_gmt":"2023-03-30T18:09:38","slug":"fers-lames-de-rabot-pour-makita-1805-1805b-1805n-hm-tct-155x32x3mm","status":"publish","type":"product","link":"https:\/\/helliston.eu\/fr\/produit\/fers-lames-de-rabot-pour-makita-1805-1805b-1805n-hm-tct-155x32x3mm\/","title":{"rendered":"Fers de rabot pour Makita 1805, 1805B, 1805N, HM\/TCT, 155x32x3mm"},"content":{"rendered":"","protected":false},"excerpt":{"rendered":"<p>HM\/TCT fers de rabot pour Makita 1805, 1805B, 1805N, 155 x 32 x 3 mm. 2 lames\/ paquet. Fabriqu\u00e9 \u00e0 partir carbure de tungst\u00e8ne (TCT). Les lames au carbure durent 5 fois plus longtemps que les fers de rabot HSS conventionnels. Les lames sont r\u00e9aff\u00fbtables. Pour plus d\u2019information, voyez plus bas.<\/p>\n","protected":false},"featured_media":15272,"template":"","meta":[],"product_brand":[],"product_cat":[1310,1169],"product_tag":[],"class_list":{"0":"post-15298","1":"product","2":"type-product","3":"status-publish","4":"has-post-thumbnail","6":"product_cat-pour-rabot-makita-1805-n-b-155mm","7":"product_cat-lames-fers-de-degauchisseuse-et-rabot-pour-makita","9":"first","10":"instock","11":"taxable","12":"shipping-taxable","13":"purchasable","14":"product-type-simple"},"jetpack_sharing_enabled":true,"_links":{"self":[{"href":"https:\/\/helliston.eu\/fr\/wp-json\/wp\/v2\/product\/15298","targetHints":{"allow":["GET"]}}],"collection":[{"href":"https:\/\/helliston.eu\/fr\/wp-json\/wp\/v2\/product"}],"about":[{"href":"https:\/\/helliston.eu\/fr\/wp-json\/wp\/v2\/types\/product"}],"wp:featuredmedia":[{"embeddable":true,"href":"https:\/\/helliston.eu\/fr\/wp-json\/wp\/v2\/media\/15272"}],"wp:attachment":[{"href":"https:\/\/helliston.eu\/fr\/wp-json\/wp\/v2\/media?parent=15298"}],"wp:term":[{"taxonomy":"product_brand","embeddable":true,"href":"https:\/\/helliston.eu\/fr\/wp-json\/wp\/v2\/product_brand?post=15298"},{"taxonomy":"product_cat","embeddable":true,"href":"https:\/\/helliston.eu\/fr\/wp-json\/wp\/v2\/product_cat?post=15298"},{"taxonomy":"product_tag","embeddable":true,"href":"https:\/\/helliston.eu\/fr\/wp-json\/wp\/v2\/product_tag?post=15298"}],"curies":[{"name":"wp","href":"https:\/\/api.w.org\/{rel}","templated":true}]}}