{"id":15197,"date":"2023-03-30T14:32:14","date_gmt":"2023-03-30T16:11:11","guid":{"rendered":"https:\/\/helliston.eu\/product\/fers-de-rabot-pour-makita-1806-1806b-hss-170x35x3mm\/"},"modified":"2023-03-30T18:08:40","modified_gmt":"2023-03-30T18:08:40","slug":"fers-lames-de-rabot-pour-makita-1806-1806b-hss-170x35x3mm","status":"publish","type":"product","link":"https:\/\/helliston.eu\/fr\/produit\/fers-lames-de-rabot-pour-makita-1806-1806b-hss-170x35x3mm\/","title":{"rendered":"Fers de rabot pour Makita 1806, 1806B, HSS, 170x35x3mm"},"content":{"rendered":"","protected":false},"excerpt":{"rendered":"<p>HSS fers de rabot pour Makita 1806, 1806B, 170 x 35 x 3 mm. 2 lames\/ paquet. Fabriqu\u00e9 \u00e0 partir d\u2019acier rapide HSS de haute qualit\u00e9 (duret\u00e9 Rockwell 63+HRC). Les lames sont r\u00e9aff\u00fbtables. Pour plus d\u2019information, voyez plus bas.<\/p>\n","protected":false},"featured_media":15171,"template":"","meta":[],"product_brand":[],"product_cat":[1311,1169],"product_tag":[],"class_list":{"0":"post-15197","1":"product","2":"type-product","3":"status-publish","4":"has-post-thumbnail","6":"product_cat-pour-rabot-makita-1806-b-170mm","7":"product_cat-lames-fers-de-degauchisseuse-et-rabot-pour-makita","9":"first","10":"instock","11":"taxable","12":"shipping-taxable","13":"purchasable","14":"product-type-variable"},"jetpack_sharing_enabled":true,"_links":{"self":[{"href":"https:\/\/helliston.eu\/fr\/wp-json\/wp\/v2\/product\/15197","targetHints":{"allow":["GET"]}}],"collection":[{"href":"https:\/\/helliston.eu\/fr\/wp-json\/wp\/v2\/product"}],"about":[{"href":"https:\/\/helliston.eu\/fr\/wp-json\/wp\/v2\/types\/product"}],"wp:featuredmedia":[{"embeddable":true,"href":"https:\/\/helliston.eu\/fr\/wp-json\/wp\/v2\/media\/15171"}],"wp:attachment":[{"href":"https:\/\/helliston.eu\/fr\/wp-json\/wp\/v2\/media?parent=15197"}],"wp:term":[{"taxonomy":"product_brand","embeddable":true,"href":"https:\/\/helliston.eu\/fr\/wp-json\/wp\/v2\/product_brand?post=15197"},{"taxonomy":"product_cat","embeddable":true,"href":"https:\/\/helliston.eu\/fr\/wp-json\/wp\/v2\/product_cat?post=15197"},{"taxonomy":"product_tag","embeddable":true,"href":"https:\/\/helliston.eu\/fr\/wp-json\/wp\/v2\/product_tag?post=15197"}],"curies":[{"name":"wp","href":"https:\/\/api.w.org\/{rel}","templated":true}]}}