{"id":15164,"date":"2023-03-30T14:33:19","date_gmt":"2023-03-30T15:54:19","guid":{"rendered":"https:\/\/helliston.eu\/product\/fers-de-rabot-pour-makita-1911b-1911bj-1002ba-hss-110x29x3mm\/"},"modified":"2023-03-30T18:08:42","modified_gmt":"2023-03-30T18:08:42","slug":"fers-lames-de-rabot-pour-makita-1911b-1911bj-1002ba-hss-110x29x3mm","status":"publish","type":"product","link":"https:\/\/helliston.eu\/fr\/produit\/fers-lames-de-rabot-pour-makita-1911b-1911bj-1002ba-hss-110x29x3mm\/","title":{"rendered":"Fers de rabot pour Makita 1911B, 1911BJ 1002BA, HSS, 110x29x3mm"},"content":{"rendered":"","protected":false},"excerpt":{"rendered":"<p>HSS Fers de rabot pour Makita 1991B &amp; 1002BA, 110 x 29 x 3 mm. 2 lames\/ paquet. Fabriqu\u00e9 \u00e0 partir d\u2019acier rapide HSS de haute qualit\u00e9 (duret\u00e9 Rockwell 63+HRC). Les lames sont r\u00e9aff\u00fbtables. Pour plus d\u2019information, voyez plus bas.<\/p>\n","protected":false},"featured_media":15138,"template":"","meta":[],"product_brand":[],"product_cat":[1309,1312,1169],"product_tag":[],"class_list":{"0":"post-15164","1":"product","2":"type-product","3":"status-publish","4":"has-post-thumbnail","6":"product_cat-pour-rabot-makita-1002-ba-110mm","7":"product_cat-pour-rabot-makita-1911-b-110mm","8":"product_cat-lames-fers-de-degauchisseuse-et-rabot-pour-makita","10":"first","11":"instock","12":"taxable","13":"shipping-taxable","14":"purchasable","15":"product-type-variable"},"jetpack_sharing_enabled":true,"_links":{"self":[{"href":"https:\/\/helliston.eu\/fr\/wp-json\/wp\/v2\/product\/15164","targetHints":{"allow":["GET"]}}],"collection":[{"href":"https:\/\/helliston.eu\/fr\/wp-json\/wp\/v2\/product"}],"about":[{"href":"https:\/\/helliston.eu\/fr\/wp-json\/wp\/v2\/types\/product"}],"wp:featuredmedia":[{"embeddable":true,"href":"https:\/\/helliston.eu\/fr\/wp-json\/wp\/v2\/media\/15138"}],"wp:attachment":[{"href":"https:\/\/helliston.eu\/fr\/wp-json\/wp\/v2\/media?parent=15164"}],"wp:term":[{"taxonomy":"product_brand","embeddable":true,"href":"https:\/\/helliston.eu\/fr\/wp-json\/wp\/v2\/product_brand?post=15164"},{"taxonomy":"product_cat","embeddable":true,"href":"https:\/\/helliston.eu\/fr\/wp-json\/wp\/v2\/product_cat?post=15164"},{"taxonomy":"product_tag","embeddable":true,"href":"https:\/\/helliston.eu\/fr\/wp-json\/wp\/v2\/product_tag?post=15164"}],"curies":[{"name":"wp","href":"https:\/\/api.w.org\/{rel}","templated":true}]}}