{"id":15020,"date":"2023-03-30T14:24:24","date_gmt":"2023-03-30T15:36:51","guid":{"rendered":"https:\/\/helliston.eu\/product\/fers-de-rabot-pour-makita-2012-2012nb-hss-306x8x2mm\/"},"modified":"2024-05-02T10:50:37","modified_gmt":"2024-05-02T10:50:37","slug":"fers-lames-de-rabot-pour-makita-2012-2012nb-hss-306x8x2mm","status":"publish","type":"product","link":"https:\/\/helliston.eu\/fr\/produit\/fers-lames-de-rabot-pour-makita-2012-2012nb-hss-306x8x2mm\/","title":{"rendered":"Fers de rabot pour Makita 2012, 2012NB, HSS, 306x8x2mm"},"content":{"rendered":"","protected":false},"excerpt":{"rendered":"<p>HSS Fers de rabot pour raboteuse Makita 2012 &amp; 2012NB, 306 x 8 x 2 mm. 2 lames\/ paquet. Fabriqu\u00e9 \u00e0 partir d\u2019acier rapide HSS de haute qualit\u00e9 (duret\u00e9 Rockwell 63+HRC). Les lames sont r\u00e9aff\u00fbtables. Pour plus d\u2019information, voyez plus bas.<\/p>\n<p>*** Nouveau ! L&#8217;emballage est en carton dur et ne contient pas de plastique.<\/p>\n","protected":false},"featured_media":24807,"template":"","meta":[],"product_brand":[],"product_cat":[1313,1169],"product_tag":[],"class_list":{"0":"post-15020","1":"product","2":"type-product","3":"status-publish","4":"has-post-thumbnail","6":"product_cat-pour-raboteuse-degauchisseuse-makita-2012-nb-306mm","7":"product_cat-lames-fers-de-degauchisseuse-et-rabot-pour-makita","9":"first","10":"instock","11":"sale","12":"taxable","13":"shipping-taxable","14":"purchasable","15":"product-type-simple"},"jetpack_sharing_enabled":true,"_links":{"self":[{"href":"https:\/\/helliston.eu\/fr\/wp-json\/wp\/v2\/product\/15020","targetHints":{"allow":["GET"]}}],"collection":[{"href":"https:\/\/helliston.eu\/fr\/wp-json\/wp\/v2\/product"}],"about":[{"href":"https:\/\/helliston.eu\/fr\/wp-json\/wp\/v2\/types\/product"}],"wp:featuredmedia":[{"embeddable":true,"href":"https:\/\/helliston.eu\/fr\/wp-json\/wp\/v2\/media\/24807"}],"wp:attachment":[{"href":"https:\/\/helliston.eu\/fr\/wp-json\/wp\/v2\/media?parent=15020"}],"wp:term":[{"taxonomy":"product_brand","embeddable":true,"href":"https:\/\/helliston.eu\/fr\/wp-json\/wp\/v2\/product_brand?post=15020"},{"taxonomy":"product_cat","embeddable":true,"href":"https:\/\/helliston.eu\/fr\/wp-json\/wp\/v2\/product_cat?post=15020"},{"taxonomy":"product_tag","embeddable":true,"href":"https:\/\/helliston.eu\/fr\/wp-json\/wp\/v2\/product_tag?post=15020"}],"curies":[{"name":"wp","href":"https:\/\/api.w.org\/{rel}","templated":true}]}}