{"id":14938,"date":"2023-03-30T12:05:30","date_gmt":"2023-03-30T12:05:31","guid":{"rendered":"https:\/\/helliston.eu\/?post_type=product&#038;p=14938"},"modified":"2023-03-30T12:47:11","modified_gmt":"2023-03-30T12:47:11","slug":"fers-lames-de-rabot-degau-pour-fartools-rb1800-rb1280-hss-159x165x3mm","status":"publish","type":"product","link":"https:\/\/helliston.eu\/fr\/produit\/fers-lames-de-rabot-degau-pour-fartools-rb1800-rb1280-hss-159x165x3mm\/","title":{"rendered":"Fers de rabot pour Fartools RB1800, RB1280, HSS, 159&#215;16,5x3mm"},"content":{"rendered":"","protected":false},"excerpt":{"rendered":"<div class=\"product-short-description\">\n<p>HSS Fers de rabot pour le raboteuse-d\u00e9gauchisseuse Fartools RB1800, RB1280, 159 x 16,5 x 3 mm. 2 lames\/ paquet. Fabriqu\u00e9 \u00e0 partir d\u2019acier rapide HSS de haute qualit\u00e9 (duret\u00e9 Rockwell 63+HRC). Les lames sont r\u00e9aff\u00fbtables. Pour plus d\u2019information, voyez plus bas.<\/p>\n<\/div>\n","protected":false},"featured_media":25187,"template":"","meta":[],"product_brand":[],"product_cat":[3429,3428,2470,817,2984,3018],"product_tag":[4352],"class_list":{"0":"post-14938","1":"product","2":"type-product","3":"status-publish","4":"has-post-thumbnail","6":"product_cat-rb1280-fr","7":"product_cat-rb1800-fr","8":"product_cat-lames-fers-de-degauchisseuse-et-rabot-pour-fartools","9":"product_cat-fers-de-rabot-par-marques","10":"product_cat-lames-et-fers-de-rabot-pour-sip","11":"product_cat-pour-rabot-sip-01497","12":"product_tag-159-16-fr","14":"first","15":"instock","16":"taxable","17":"shipping-taxable","18":"purchasable","19":"product-type-simple"},"jetpack_sharing_enabled":true,"_links":{"self":[{"href":"https:\/\/helliston.eu\/fr\/wp-json\/wp\/v2\/product\/14938","targetHints":{"allow":["GET"]}}],"collection":[{"href":"https:\/\/helliston.eu\/fr\/wp-json\/wp\/v2\/product"}],"about":[{"href":"https:\/\/helliston.eu\/fr\/wp-json\/wp\/v2\/types\/product"}],"wp:featuredmedia":[{"embeddable":true,"href":"https:\/\/helliston.eu\/fr\/wp-json\/wp\/v2\/media\/25187"}],"wp:attachment":[{"href":"https:\/\/helliston.eu\/fr\/wp-json\/wp\/v2\/media?parent=14938"}],"wp:term":[{"taxonomy":"product_brand","embeddable":true,"href":"https:\/\/helliston.eu\/fr\/wp-json\/wp\/v2\/product_brand?post=14938"},{"taxonomy":"product_cat","embeddable":true,"href":"https:\/\/helliston.eu\/fr\/wp-json\/wp\/v2\/product_cat?post=14938"},{"taxonomy":"product_tag","embeddable":true,"href":"https:\/\/helliston.eu\/fr\/wp-json\/wp\/v2\/product_tag?post=14938"}],"curies":[{"name":"wp","href":"https:\/\/api.w.org\/{rel}","templated":true}]}}