{"id":14932,"date":"2023-03-30T12:05:23","date_gmt":"2023-03-30T12:05:24","guid":{"rendered":"https:\/\/helliston.eu\/?post_type=product&#038;p=14932"},"modified":"2023-03-30T12:47:05","modified_gmt":"2023-03-30T12:47:05","slug":"fers-lames-de-rabot-degau-pour-fox-f22-564-150-hss-159x165x3mm","status":"publish","type":"product","link":"https:\/\/helliston.eu\/fr\/produit\/fers-lames-de-rabot-degau-pour-fox-f22-564-150-hss-159x165x3mm\/","title":{"rendered":"Fers de rabot pour Fox F22-564\/150, HSS, 159&#215;16,5x3mm"},"content":{"rendered":"","protected":false},"excerpt":{"rendered":"<div class=\"product-short-description\">\n<p>HSS Fers de rabot pour le raboteuse-d\u00e9gauchisseuse Fox F22-564\/150, 159 x 16,5 x 3 mm. 2 lames\/ paquet. Fabriqu\u00e9 \u00e0 partir d\u2019acier rapide HSS de haute qualit\u00e9 (duret\u00e9 Rockwell 63+HRC). Les lames sont r\u00e9aff\u00fbtables. Pour plus d\u2019information, voyez plus bas.<\/p>\n<\/div>\n","protected":false},"featured_media":25222,"template":"","meta":[],"product_brand":[],"product_cat":[1278,817,1152],"product_tag":[4352],"class_list":{"0":"post-14932","1":"product","2":"type-product","3":"status-publish","4":"has-post-thumbnail","6":"product_cat-pour-raboteuse-degauchisseuse-fox-f22-564","7":"product_cat-fers-de-rabot-par-marques","8":"product_cat-lames-fers-de-degauchisseuse-et-rabot-pour-fox","9":"product_tag-159-16-fr","11":"first","12":"instock","13":"taxable","14":"shipping-taxable","15":"purchasable","16":"product-type-simple"},"jetpack_sharing_enabled":true,"_links":{"self":[{"href":"https:\/\/helliston.eu\/fr\/wp-json\/wp\/v2\/product\/14932","targetHints":{"allow":["GET"]}}],"collection":[{"href":"https:\/\/helliston.eu\/fr\/wp-json\/wp\/v2\/product"}],"about":[{"href":"https:\/\/helliston.eu\/fr\/wp-json\/wp\/v2\/types\/product"}],"wp:featuredmedia":[{"embeddable":true,"href":"https:\/\/helliston.eu\/fr\/wp-json\/wp\/v2\/media\/25222"}],"wp:attachment":[{"href":"https:\/\/helliston.eu\/fr\/wp-json\/wp\/v2\/media?parent=14932"}],"wp:term":[{"taxonomy":"product_brand","embeddable":true,"href":"https:\/\/helliston.eu\/fr\/wp-json\/wp\/v2\/product_brand?post=14932"},{"taxonomy":"product_cat","embeddable":true,"href":"https:\/\/helliston.eu\/fr\/wp-json\/wp\/v2\/product_cat?post=14932"},{"taxonomy":"product_tag","embeddable":true,"href":"https:\/\/helliston.eu\/fr\/wp-json\/wp\/v2\/product_tag?post=14932"}],"curies":[{"name":"wp","href":"https:\/\/api.w.org\/{rel}","templated":true}]}}