{"id":14875,"date":"2023-03-29T17:35:26","date_gmt":"2023-03-29T17:35:28","guid":{"rendered":"https:\/\/helliston.eu\/?post_type=product&#038;p=14875"},"modified":"2023-03-29T18:37:56","modified_gmt":"2023-03-29T18:37:56","slug":"fers-lames-reversibles-de-rabot-pour-raboteuse-mophorn-1500w-hss-318x182x32mm","status":"publish","type":"product","link":"https:\/\/helliston.eu\/fr\/produit\/fers-lames-reversibles-de-rabot-pour-raboteuse-mophorn-1500w-hss-318x182x32mm\/","title":{"rendered":"Fers de rabot pour Mophorn 1500W, HSS, 318&#215;18,2&#215;3,2mm"},"content":{"rendered":"","protected":false},"excerpt":{"rendered":"<p>HSS Fers de rabot pour raboteuse Mophorn 1500W, 318 x 18,2 x 3,2 mm, LAMES R\u00c9VERSIBLES. 2 lames\/ paquet Fabriqu\u00e9 \u00e0 partir d\u2019acier rapide HSS de haute qualit\u00e9 (duret\u00e9 Rockwell 63+HRC). Les lames sont r\u00e9aff\u00fbtables. Pour plus d\u2019information, voyez plus bas.<\/p>\n","protected":false},"featured_media":17887,"template":"","meta":[],"product_brand":[],"product_cat":[515,817,2982,358],"product_tag":[],"class_list":{"0":"post-14875","1":"product","2":"type-product","3":"status-publish","4":"has-post-thumbnail","6":"product_cat-318-mm-pour-dewalt-dw733-dw7332-qs-ryobi-rap-1500g-etc","7":"product_cat-fers-de-rabot-par-marques","8":"product_cat-lames-et-fers-de-rabot-pour-mophorn","9":"product_cat-planer-blades-fr","11":"first","12":"instock","13":"taxable","14":"shipping-taxable","15":"purchasable","16":"product-type-simple"},"jetpack_sharing_enabled":true,"_links":{"self":[{"href":"https:\/\/helliston.eu\/fr\/wp-json\/wp\/v2\/product\/14875","targetHints":{"allow":["GET"]}}],"collection":[{"href":"https:\/\/helliston.eu\/fr\/wp-json\/wp\/v2\/product"}],"about":[{"href":"https:\/\/helliston.eu\/fr\/wp-json\/wp\/v2\/types\/product"}],"wp:featuredmedia":[{"embeddable":true,"href":"https:\/\/helliston.eu\/fr\/wp-json\/wp\/v2\/media\/17887"}],"wp:attachment":[{"href":"https:\/\/helliston.eu\/fr\/wp-json\/wp\/v2\/media?parent=14875"}],"wp:term":[{"taxonomy":"product_brand","embeddable":true,"href":"https:\/\/helliston.eu\/fr\/wp-json\/wp\/v2\/product_brand?post=14875"},{"taxonomy":"product_cat","embeddable":true,"href":"https:\/\/helliston.eu\/fr\/wp-json\/wp\/v2\/product_cat?post=14875"},{"taxonomy":"product_tag","embeddable":true,"href":"https:\/\/helliston.eu\/fr\/wp-json\/wp\/v2\/product_tag?post=14875"}],"curies":[{"name":"wp","href":"https:\/\/api.w.org\/{rel}","templated":true}]}}