{"id":14321,"date":"2023-03-16T19:30:54","date_gmt":"2023-03-16T19:30:54","guid":{"rendered":"https:\/\/helliston.eu\/?post_type=product&#038;p=14321"},"modified":"2023-03-17T21:26:12","modified_gmt":"2023-03-17T21:26:12","slug":"fers-de-rabot-degau-pour-double-tt260-hss-258x22x18mm","status":"publish","type":"product","link":"https:\/\/helliston.eu\/fr\/produit\/fers-de-rabot-degau-pour-double-tt260-hss-258x22x18mm\/","title":{"rendered":"Fers de rabot pour Double TT260, HSS, 258x22x1,8mm"},"content":{"rendered":"","protected":false},"excerpt":{"rendered":"<p>Fers de rabot pour le raboteuse-d\u00e9gauchisseuse DOUBLE TT260, 258 x 22 x1,8mm. 2 lames\/ paquet. Fabriqu\u00e9 \u00e0 partir d\u2019acier rapide HSS de haute qualit\u00e9, duret\u00e9 Rockwell: 63-64HRC. R\u00e9aff\u00fbtables. Pour plus d\u2019information, voyez plus bas.<\/p>\n","protected":false},"featured_media":9188,"template":"","meta":[],"product_brand":[],"product_cat":[3336,817],"product_tag":[4325],"class_list":{"0":"post-14321","1":"product","2":"type-product","3":"status-publish","4":"has-post-thumbnail","6":"product_cat-double-fr","7":"product_cat-fers-de-rabot-par-marques","8":"product_tag-258x22-fr","10":"first","11":"instock","12":"taxable","13":"shipping-taxable","14":"purchasable","15":"product-type-simple"},"jetpack_sharing_enabled":true,"_links":{"self":[{"href":"https:\/\/helliston.eu\/fr\/wp-json\/wp\/v2\/product\/14321","targetHints":{"allow":["GET"]}}],"collection":[{"href":"https:\/\/helliston.eu\/fr\/wp-json\/wp\/v2\/product"}],"about":[{"href":"https:\/\/helliston.eu\/fr\/wp-json\/wp\/v2\/types\/product"}],"wp:featuredmedia":[{"embeddable":true,"href":"https:\/\/helliston.eu\/fr\/wp-json\/wp\/v2\/media\/9188"}],"wp:attachment":[{"href":"https:\/\/helliston.eu\/fr\/wp-json\/wp\/v2\/media?parent=14321"}],"wp:term":[{"taxonomy":"product_brand","embeddable":true,"href":"https:\/\/helliston.eu\/fr\/wp-json\/wp\/v2\/product_brand?post=14321"},{"taxonomy":"product_cat","embeddable":true,"href":"https:\/\/helliston.eu\/fr\/wp-json\/wp\/v2\/product_cat?post=14321"},{"taxonomy":"product_tag","embeddable":true,"href":"https:\/\/helliston.eu\/fr\/wp-json\/wp\/v2\/product_tag?post=14321"}],"curies":[{"name":"wp","href":"https:\/\/api.w.org\/{rel}","templated":true}]}}