{"id":13076,"date":"2022-08-23T06:03:43","date_gmt":"2022-08-23T06:03:43","guid":{"rendered":"https:\/\/helliston.eu\/?post_type=product&#038;p=13076"},"modified":"2023-03-22T15:08:49","modified_gmt":"2023-03-22T15:08:49","slug":"fers-lames-de-rabot-degau-pour-metabo-dh330-dh316-hss-333x12x15mm","status":"publish","type":"product","link":"https:\/\/helliston.eu\/fr\/produit\/fers-lames-de-rabot-degau-pour-metabo-dh330-dh316-hss-333x12x15mm\/","title":{"rendered":"Fers de rabot pour Metabo DH330, DH316, HSS, 333x12x1,5mm"},"content":{"rendered":"","protected":false},"excerpt":{"rendered":"<p>HSS Fers de rabot pour raboteuse Metabo DH330, DH316, 333 x 12 x 1,5 mm. 2 lames\/ paquet. Fabriqu\u00e9 \u00e0 partir d\u2019acier rapide HSS de haute qualit\u00e9 (duret\u00e9 Rockwell 63+HRC). Les lames sont r\u00e9aff\u00fbtables. Pour plus d\u2019information, voyez plus bas.<\/p>\n","protected":false},"featured_media":13096,"template":"","meta":[],"product_brand":[],"product_cat":[1334,1332,358,440],"product_tag":[],"class_list":{"0":"post-13076","1":"product","2":"type-product","3":"status-publish","4":"has-post-thumbnail","6":"product_cat-pour-raboteuse-degauchisseuse-metabo-dh-316-332-mm","7":"product_cat-pour-raboteuse-degauchisseuse-metabo-dh330-332mm","8":"product_cat-planer-blades-fr","9":"product_cat-330mm-332mm-pour-metabo-dh330-dh316","11":"first","12":"instock","13":"sale","14":"taxable","15":"shipping-taxable","16":"purchasable","17":"product-type-simple"},"jetpack_sharing_enabled":true,"_links":{"self":[{"href":"https:\/\/helliston.eu\/fr\/wp-json\/wp\/v2\/product\/13076","targetHints":{"allow":["GET"]}}],"collection":[{"href":"https:\/\/helliston.eu\/fr\/wp-json\/wp\/v2\/product"}],"about":[{"href":"https:\/\/helliston.eu\/fr\/wp-json\/wp\/v2\/types\/product"}],"wp:featuredmedia":[{"embeddable":true,"href":"https:\/\/helliston.eu\/fr\/wp-json\/wp\/v2\/media\/13096"}],"wp:attachment":[{"href":"https:\/\/helliston.eu\/fr\/wp-json\/wp\/v2\/media?parent=13076"}],"wp:term":[{"taxonomy":"product_brand","embeddable":true,"href":"https:\/\/helliston.eu\/fr\/wp-json\/wp\/v2\/product_brand?post=13076"},{"taxonomy":"product_cat","embeddable":true,"href":"https:\/\/helliston.eu\/fr\/wp-json\/wp\/v2\/product_cat?post=13076"},{"taxonomy":"product_tag","embeddable":true,"href":"https:\/\/helliston.eu\/fr\/wp-json\/wp\/v2\/product_tag?post=13076"}],"curies":[{"name":"wp","href":"https:\/\/api.w.org\/{rel}","templated":true}]}}