{"id":13054,"date":"2022-08-22T11:48:33","date_gmt":"2022-08-22T11:48:33","guid":{"rendered":"https:\/\/helliston.eu\/?post_type=product&#038;p=13054"},"modified":"2023-03-11T18:15:43","modified_gmt":"2023-03-11T18:15:43","slug":"hss-fers-de-rabot-pour-blackdecker-dn75-75x12x15mm-2-pieces","status":"publish","type":"product","link":"https:\/\/helliston.eu\/fr\/produit\/hss-fers-de-rabot-pour-blackdecker-dn75-75x12x15mm-2-pieces\/","title":{"rendered":"HSS Fers de rabot pour Black&#038;Decker DN75, 75x12x1,5mm, 2 pi\u00e8ces"},"content":{"rendered":"","protected":false},"excerpt":{"rendered":"<p><strong>HSS Lames\/ Fers de rabot pour Black&amp;Decker DN75<\/strong><strong>, 75x12x1,5mm <\/strong>\u00a02 fers\/ paquet. Faits en HSS acier rapide durable (duret\u00e9 Rockwell 63+HRC). Ces fers sont r\u00e9affutables. Des informations suppl\u00e9mentaires peuvent \u00eatre trouv\u00e9es ci-dessous.<\/p>\n","protected":false},"featured_media":25468,"template":"","meta":[],"product_brand":[],"product_cat":[1132,1215,201],"product_tag":[],"class_list":{"0":"post-13054","1":"product","2":"type-product","3":"status-publish","4":"has-post-thumbnail","6":"product_cat-lames-fers-de-degauchisseuse-et-rabot-pour-blackdecker","7":"product_cat-pour-rabot-black-decker-dn75","8":"product_cat-56mm-755mm-80-5mm-pour-bosch-gho-12v-20-adler-bh-556-hoffmann-bh-556-wegoma-ap98-aeg-450-dewalt-dw676k-elu-mff40-mf8f80-mff81-fr","10":"first","11":"instock","12":"taxable","13":"shipping-taxable","14":"purchasable","15":"product-type-simple"},"jetpack_sharing_enabled":true,"_links":{"self":[{"href":"https:\/\/helliston.eu\/fr\/wp-json\/wp\/v2\/product\/13054","targetHints":{"allow":["GET"]}}],"collection":[{"href":"https:\/\/helliston.eu\/fr\/wp-json\/wp\/v2\/product"}],"about":[{"href":"https:\/\/helliston.eu\/fr\/wp-json\/wp\/v2\/types\/product"}],"wp:featuredmedia":[{"embeddable":true,"href":"https:\/\/helliston.eu\/fr\/wp-json\/wp\/v2\/media\/25468"}],"wp:attachment":[{"href":"https:\/\/helliston.eu\/fr\/wp-json\/wp\/v2\/media?parent=13054"}],"wp:term":[{"taxonomy":"product_brand","embeddable":true,"href":"https:\/\/helliston.eu\/fr\/wp-json\/wp\/v2\/product_brand?post=13054"},{"taxonomy":"product_cat","embeddable":true,"href":"https:\/\/helliston.eu\/fr\/wp-json\/wp\/v2\/product_cat?post=13054"},{"taxonomy":"product_tag","embeddable":true,"href":"https:\/\/helliston.eu\/fr\/wp-json\/wp\/v2\/product_tag?post=13054"}],"curies":[{"name":"wp","href":"https:\/\/api.w.org\/{rel}","templated":true}]}}