{"id":1153,"date":"2019-03-05T20:51:27","date_gmt":"2019-03-05T20:51:27","guid":{"rendered":"https:\/\/helliston.eu\/product\/ersatzklinge-25mm-fuer-farbschaber-bacho-ergo-625-sandvik-stoch-techno-allway-hartmetallklinge-farbschaberklinge-wolframcarbid-1-pc\/"},"modified":"2023-03-13T19:40:54","modified_gmt":"2023-03-13T19:40:54","slug":"lame-de-rechange-25-mm-triangle-pour-grattoir-racleur-carbure-de-tungstene-pour-bacho-ergo-625-sandvik-storch-techno-allway-1-pc","status":"publish","type":"product","link":"https:\/\/helliston.eu\/fr\/produit\/lame-de-rechange-25-mm-triangle-pour-grattoir-racleur-carbure-de-tungstene-pour-bacho-ergo-625-sandvik-storch-techno-allway-1-pc\/","title":{"rendered":"Lame de rechange 25mm pour grattoir\/ racleur, carbure de tungst\u00e8ne pour Bacho, Sandvik, Storch, Techno, Allway etc., 1 pc"},"content":{"rendered":"","protected":false},"excerpt":{"rendered":"<p><strong>Les lames de rechange 25mm pour grattoir \u00e0 peinture<\/strong> conviennent parfaitement \u00e0 beaucoup de grattoirs \u00e0 peinture (par exemple Bahco Ergo 625, Sandvik, Storch, Techno, Allway etc.). Elles sont faites <strong>en m\u00e9tal dur de haute qualit\u00e9 <\/strong>(92+HRA)<strong>, polies miroir <\/strong>et peuvent \u00eatre tr\u00e8s bien utilis\u00e9es pour \u00e9liminer <strong>un vernis, une peinture, de la rouille, <\/strong>etc. de diff\u00e9rents mat\u00e9riaux <strong>(bois, m\u00e9tal, b\u00e9ton, plastique<\/strong>, etc.). Des informations suppl\u00e9mentaires peuvent \u00eatre trouv\u00e9es ci-dessous.<\/p>\n","protected":false},"featured_media":24914,"template":"","meta":[],"product_brand":[],"product_cat":[3375,361],"product_tag":[],"class_list":{"0":"post-1153","1":"product","2":"type-product","3":"status-publish","4":"has-post-thumbnail","6":"product_cat-pour-grattoir-bahco-ergo-650-665-625","7":"product_cat-lames-de-rechange-pour-grattoir-racleur-pour-scrapers-sandvik-bahco-ergo-625-650-50mm-25mm-65mm-pear-round-drop-rond-poire-goutte-allway-storch-techno","9":"first","10":"instock","11":"taxable","12":"shipping-taxable","13":"purchasable","14":"product-type-simple"},"jetpack_sharing_enabled":true,"_links":{"self":[{"href":"https:\/\/helliston.eu\/fr\/wp-json\/wp\/v2\/product\/1153","targetHints":{"allow":["GET"]}}],"collection":[{"href":"https:\/\/helliston.eu\/fr\/wp-json\/wp\/v2\/product"}],"about":[{"href":"https:\/\/helliston.eu\/fr\/wp-json\/wp\/v2\/types\/product"}],"wp:featuredmedia":[{"embeddable":true,"href":"https:\/\/helliston.eu\/fr\/wp-json\/wp\/v2\/media\/24914"}],"wp:attachment":[{"href":"https:\/\/helliston.eu\/fr\/wp-json\/wp\/v2\/media?parent=1153"}],"wp:term":[{"taxonomy":"product_brand","embeddable":true,"href":"https:\/\/helliston.eu\/fr\/wp-json\/wp\/v2\/product_brand?post=1153"},{"taxonomy":"product_cat","embeddable":true,"href":"https:\/\/helliston.eu\/fr\/wp-json\/wp\/v2\/product_cat?post=1153"},{"taxonomy":"product_tag","embeddable":true,"href":"https:\/\/helliston.eu\/fr\/wp-json\/wp\/v2\/product_tag?post=1153"}],"curies":[{"name":"wp","href":"https:\/\/api.w.org\/{rel}","templated":true}]}}