{"id":11320,"date":"2022-02-03T19:56:22","date_gmt":"2022-02-03T19:56:22","guid":{"rendered":"https:\/\/helliston.eu\/?post_type=product&#038;p=11320"},"modified":"2023-03-29T18:42:58","modified_gmt":"2023-03-29T18:42:58","slug":"fers-lames-reversibles-de-rabot-degau-pour-holzstar-adh-260-hss-260x186x15mm","status":"publish","type":"product","link":"https:\/\/helliston.eu\/fr\/produit\/fers-lames-reversibles-de-rabot-degau-pour-holzstar-adh-260-hss-260x186x15mm\/","title":{"rendered":"Fers de rabot pour Holzstar ADH 260, HSS, 260&#215;18,6&#215;1,5mm"},"content":{"rendered":"","protected":false},"excerpt":{"rendered":"<p>HSS Fers de rabot pour le raboteuse-d\u00e9gauchisseuse Holzstar ADH 260, 260 x 18,6 x 1,5 mm, LAMES R\u00c9VERSIBLES. 2 lames\/ paquet Fabriqu\u00e9 \u00e0 partir d\u2019acier rapide HSS de haute qualit\u00e9 (duret\u00e9 Rockwell 63+HRC). Les lames sont r\u00e9aff\u00fbtables. Pour plus d\u2019information, voyez plus bas.<\/p>\n","protected":false},"featured_media":12920,"template":"","meta":[],"product_brand":[],"product_cat":[2626,817,2586],"product_tag":[4340],"class_list":{"0":"post-11320","1":"product","2":"type-product","3":"status-publish","4":"has-post-thumbnail","6":"product_cat-pour-rabot-holzstar-adh-260","7":"product_cat-fers-de-rabot-par-marques","8":"product_cat-lames-fers-de-degauchisseuse-et-rabot-pour-holzstar","9":"product_tag-260-18-fr-2","11":"first","12":"outofstock","13":"taxable","14":"shipping-taxable","15":"purchasable","16":"product-type-simple"},"jetpack_sharing_enabled":true,"_links":{"self":[{"href":"https:\/\/helliston.eu\/fr\/wp-json\/wp\/v2\/product\/11320","targetHints":{"allow":["GET"]}}],"collection":[{"href":"https:\/\/helliston.eu\/fr\/wp-json\/wp\/v2\/product"}],"about":[{"href":"https:\/\/helliston.eu\/fr\/wp-json\/wp\/v2\/types\/product"}],"wp:featuredmedia":[{"embeddable":true,"href":"https:\/\/helliston.eu\/fr\/wp-json\/wp\/v2\/media\/12920"}],"wp:attachment":[{"href":"https:\/\/helliston.eu\/fr\/wp-json\/wp\/v2\/media?parent=11320"}],"wp:term":[{"taxonomy":"product_brand","embeddable":true,"href":"https:\/\/helliston.eu\/fr\/wp-json\/wp\/v2\/product_brand?post=11320"},{"taxonomy":"product_cat","embeddable":true,"href":"https:\/\/helliston.eu\/fr\/wp-json\/wp\/v2\/product_cat?post=11320"},{"taxonomy":"product_tag","embeddable":true,"href":"https:\/\/helliston.eu\/fr\/wp-json\/wp\/v2\/product_tag?post=11320"}],"curies":[{"name":"wp","href":"https:\/\/api.w.org\/{rel}","templated":true}]}}