{"id":10478,"date":"2022-01-29T18:43:23","date_gmt":"2022-01-29T18:43:23","guid":{"rendered":"https:\/\/helliston.eu\/?post_type=product&#038;p=10478"},"modified":"2023-03-18T07:31:20","modified_gmt":"2023-03-18T07:31:20","slug":"fers-lames-de-rabot-degau-pour-fartools-pth254-hss-261x165x15mm","status":"publish","type":"product","link":"https:\/\/helliston.eu\/fr\/produit\/fers-lames-de-rabot-degau-pour-fartools-pth254-hss-261x165x15mm\/","title":{"rendered":"Fers de rabot pour FARTOOLS PTH254, HSS, 261&#215;16,5&#215;1,5mm"},"content":{"rendered":"","protected":false},"excerpt":{"rendered":"<p>HSS Fers de rabot pour le raboteuse-d\u00e9gauchisseuse FARTOOLS PTH254, 261 x 16,5 x 1,5mm. 2 lames\/ paquet. Fabriqu\u00e9 \u00e0 partir d\u2019acier rapide HSS de haute qualit\u00e9, duret\u00e9 Rockwell: 63-64HRC. R\u00e9aff\u00fbtables. Pour plus d\u2019information, voyez plus bas.<\/p>\n","protected":false},"featured_media":12608,"template":"","meta":[],"product_brand":[],"product_cat":[2470,817,2478],"product_tag":[],"class_list":{"0":"post-10478","1":"product","2":"type-product","3":"status-publish","4":"has-post-thumbnail","6":"product_cat-lames-fers-de-degauchisseuse-et-rabot-pour-fartools","7":"product_cat-fers-de-rabot-par-marques","8":"product_cat-pour-raboteuse-degauchisseuse-fartools-pth254","10":"first","11":"instock","12":"sale","13":"taxable","14":"shipping-taxable","15":"purchasable","16":"product-type-simple"},"jetpack_sharing_enabled":true,"_links":{"self":[{"href":"https:\/\/helliston.eu\/fr\/wp-json\/wp\/v2\/product\/10478","targetHints":{"allow":["GET"]}}],"collection":[{"href":"https:\/\/helliston.eu\/fr\/wp-json\/wp\/v2\/product"}],"about":[{"href":"https:\/\/helliston.eu\/fr\/wp-json\/wp\/v2\/types\/product"}],"wp:featuredmedia":[{"embeddable":true,"href":"https:\/\/helliston.eu\/fr\/wp-json\/wp\/v2\/media\/12608"}],"wp:attachment":[{"href":"https:\/\/helliston.eu\/fr\/wp-json\/wp\/v2\/media?parent=10478"}],"wp:term":[{"taxonomy":"product_brand","embeddable":true,"href":"https:\/\/helliston.eu\/fr\/wp-json\/wp\/v2\/product_brand?post=10478"},{"taxonomy":"product_cat","embeddable":true,"href":"https:\/\/helliston.eu\/fr\/wp-json\/wp\/v2\/product_cat?post=10478"},{"taxonomy":"product_tag","embeddable":true,"href":"https:\/\/helliston.eu\/fr\/wp-json\/wp\/v2\/product_tag?post=10478"}],"curies":[{"name":"wp","href":"https:\/\/api.w.org\/{rel}","templated":true}]}}