{"id":10378,"date":"2022-01-28T21:23:18","date_gmt":"2022-01-28T21:23:19","guid":{"rendered":"https:\/\/helliston.eu\/?post_type=product&#038;p=10378"},"modified":"2024-02-23T21:48:04","modified_gmt":"2024-02-23T21:48:04","slug":"hss-planer-blades-knives-158mm-for-woodstar-pt-65-158x22x18mm-2-pc","status":"publish","type":"product","link":"https:\/\/www.helliston.eu\/fr\/produit\/hss-planer-blades-knives-158mm-for-woodstar-pt-65-158x22x18mm-2-pc\/","title":{"rendered":"T1 W18% Fers de rabot pour Woodstar PT 65, HSS Tungst\u00e8ne 18%, 158x22x1,8mm"},"content":{"rendered":"<p>Helliston HSS W18% fers de rabot pour raboteuse-raboteuse Woodstar PT 65. Nos lames de rabot pr\u00e9sentent un bord exceptionnellement tranchant (0,2RA) et une durabilit\u00e9 robuste. Une teneur en tungst\u00e8ne de 18% et une duret\u00e9 m\u00e9tallique de 66 HRC selon Rockwell assurent une dur\u00e9e de vie durable et d&rsquo;excellentes performances de coupe, m\u00eame dans des projets exigeants.<\/p>\n<ol>\n<li><strong>Quantit\u00e9 et dimensions :<\/strong>\n<ul>\n<li>1 jeu de 2 lames de raboteuse 158 x 22 x 1,8 mm pour raboteuse-d\u00e9gauchisseuse Bernardo PT150<\/li>\n<\/ul>\n<\/li>\n<li><strong>Lames tranchantes et durables :<\/strong>\n<ul>\n<li>Nos lames de raboteuse pr\u00e9sentent un tranchant exceptionnellement aiguis\u00e9, rectifi\u00e9 pour une finition de surface de 0,2Ra.<\/li>\n<li>L&rsquo;acier rapide au tungst\u00e8ne 18% assure une longue dur\u00e9e de vie et des performances de coupe sup\u00e9rieures.<\/li>\n<li>Les lames de raboteuse sont tremp\u00e9es jusqu&rsquo;\u00e0 une duret\u00e9 Rockwell de 66HRC, am\u00e9liorant ainsi leur durabilit\u00e9.<\/li>\n<\/ul>\n<\/li>\n<li><strong>Emballage \u00e9cologique :<br \/>\n<\/strong><div class=\"row\"  id=\"row-1218046782\">\n\t<div id=\"col-1979102124\" class=\"col medium-1\/4 large-3\"  >\n\t\t\t\t<div class=\"col-inner\"  >\n\t\t\t\n\t\t\t<img loading=\"lazy\" decoding=\"async\" class=\"alignnone size-medium wp-image-22538\" src=\"https:\/\/helliston.eu\/wp-content\/uploads\/2022\/01\/symbols-188x300.jpg\" alt=\"\" width=\"188\" height=\"300\" srcset=\"https:\/\/www.helliston.eu\/wp-content\/uploads\/2022\/01\/symbols-188x300.jpg 188w, https:\/\/www.helliston.eu\/wp-content\/uploads\/2022\/01\/symbols-642x1024.jpg 642w, https:\/\/www.helliston.eu\/wp-content\/uploads\/2022\/01\/symbols-768x1226.jpg 768w, https:\/\/www.helliston.eu\/wp-content\/uploads\/2022\/01\/symbols-510x814.jpg 510w, https:\/\/www.helliston.eu\/wp-content\/uploads\/2022\/01\/symbols.jpg 797w\" sizes=\"auto, (max-width: 188px) 100vw, 188px\" \/>\t\t<\/div>\n\t\t\t\t\t<\/div>\n\n\t\n\n\t<div id=\"col-1648321281\" class=\"col medium-3\/4 large-9\"  >\n\t\t\t\t<div class=\"col-inner\"  >\n\t\t\t\n\t\t\t\n<ul>\n<li>Notre ensemble de 2 lames de rechange est livr\u00e9 dans un emballage \u00e9cologique : 95 % de carton rigide et 5 % de plastique biod\u00e9gradable.<\/li>\n<li>Comme les lames sont huil\u00e9es, nous utilisons de petits sacs en plastique biod\u00e9gradable faciles \u00e0 s\u00e9parer du reste de l&#8217;emballage du produit. Ils peuvent \u00eatre mis dans le bac \u00e0 compost, ou si cela n&rsquo;est pas possible, ils peuvent \u00eatre facilement recycl\u00e9s.<\/li>\n<li>M\u00eame les enveloppes en carton dans lesquelles nous exp\u00e9dions nos produits sont sp\u00e9cialement con\u00e7ues pour nos lames afin de minimiser l&rsquo;utilisation de mat\u00e9riau et d&rsquo;\u00e9viter un espace vide suppl\u00e9mentaire dans l&#8217;emballage.<\/li>\n<\/ul>\n\t\t<\/div>\n\t\t\t\t\t<\/div>\n\n\t\n<\/div><\/li>\n<li><strong>Divers types de bois :<\/strong>\n<ul>\n<li>Id\u00e9al pour les bois tendres et durs, du ch\u00eane au pin.<\/li>\n<\/ul>\n<\/li>\n<li><strong>Service client :<\/strong>\n<ul>\n<li>N&rsquo;h\u00e9sitez pas \u00e0 nous contacter par e-mail pour toute question ; nous sommes pr\u00eats \u00e0 vous aider.<\/li>\n<\/ul>\n<\/li>\n<\/ol>\n","protected":false},"excerpt":{"rendered":"<div class=\"product-short-description\">\n<p>T1 HSS W18% lames de rabot pour raboteuse-d\u00e9gauchisseuse Woodstar PT 65, 158 x 22 x 1.8mm. 2 fers de rabot-degau par paquet. Fabriqu\u00e9 en acier rapide HSS durable avec une teneur en tungst\u00e8ne de 18% (duret\u00e9 Rockwell : 66HRC). Les lames sont aff\u00fbt\u00e9es \u00e0 0,2RA et peuvent \u00eatre r\u00e9aff\u00fbt\u00e9es. Emballage \u00e9cologique (carton dur et plastique biod\u00e9gradable). Voir ci-dessous pour plus de d\u00e9tails.<\/p>\n<\/div>\n","protected":false},"featured_media":22194,"template":"","meta":[],"product_brand":[],"product_cat":[817,2979,3023,3008,1195],"product_tag":[4300],"class_list":{"0":"post-10378","1":"product","2":"type-product","3":"status-publish","4":"has-post-thumbnail","6":"product_cat-fers-de-rabot-par-marques","7":"product_cat-lames-et-fers-de-rabot-pour-holzprofi","8":"product_cat-pour-rabot-woodstar-pt-65","9":"product_cat-pour-rabot-holzprofi-re330","10":"product_cat-lames-fers-de-degauchisseuse-et-rabot-pour-woodstar","11":"product_tag-158x22-fr","13":"first","14":"instock","15":"taxable","16":"shipping-taxable","17":"purchasable","18":"product-type-simple"},"jetpack_sharing_enabled":true,"_links":{"self":[{"href":"https:\/\/www.helliston.eu\/fr\/wp-json\/wp\/v2\/product\/10378","targetHints":{"allow":["GET"]}}],"collection":[{"href":"https:\/\/www.helliston.eu\/fr\/wp-json\/wp\/v2\/product"}],"about":[{"href":"https:\/\/www.helliston.eu\/fr\/wp-json\/wp\/v2\/types\/product"}],"wp:featuredmedia":[{"embeddable":true,"href":"https:\/\/www.helliston.eu\/fr\/wp-json\/wp\/v2\/media\/22194"}],"wp:attachment":[{"href":"https:\/\/www.helliston.eu\/fr\/wp-json\/wp\/v2\/media?parent=10378"}],"wp:term":[{"taxonomy":"product_brand","embeddable":true,"href":"https:\/\/www.helliston.eu\/fr\/wp-json\/wp\/v2\/product_brand?post=10378"},{"taxonomy":"product_cat","embeddable":true,"href":"https:\/\/www.helliston.eu\/fr\/wp-json\/wp\/v2\/product_cat?post=10378"},{"taxonomy":"product_tag","embeddable":true,"href":"https:\/\/www.helliston.eu\/fr\/wp-json\/wp\/v2\/product_tag?post=10378"}],"curies":[{"name":"wp","href":"https:\/\/api.w.org\/{rel}","templated":true}]}}