{"id":10265,"date":"2022-01-28T19:38:09","date_gmt":"2022-01-28T19:38:10","guid":{"rendered":"https:\/\/helliston.eu\/?post_type=product&#038;p=10265"},"modified":"2023-03-12T15:20:05","modified_gmt":"2023-03-12T15:20:05","slug":"hss-lames-fers-de-rabot-210mm-pour-zipper-zi-hb204-modele-2-210x165x15mm-2-pieces","status":"publish","type":"product","link":"https:\/\/helliston.eu\/fr\/produit\/hss-lames-fers-de-rabot-210mm-pour-zipper-zi-hb204-modele-2-210x165x15mm-2-pieces\/","title":{"rendered":"Fers de rabot pour Zipper ZI-HB204 MOD\u00c8LE 2, HSS, 210&#215;16,5&#215;1,5mm"},"content":{"rendered":"","protected":false},"excerpt":{"rendered":"<p>Fers de rabot pour le raboteuse-d\u00e9gauchisseuse ZIPPER ZI-HB204 MOD\u00c8LE 2, 210 x 16,5 x1,5mm. 2 lames\/ paquet. Fabriqu\u00e9 \u00e0 partir d&rsquo;acier rapide HSS de haute qualit\u00e9, duret\u00e9 Rockwell: 63-64HRC. R\u00e9aff\u00fbtables. Pour plus d&rsquo;information, voyez plus bas.<\/p>\n<p><span style=\"color: #0000ff;\">NB! Avant d\u2019en acheter, v\u00e9rifiez que les fers de rabot sont adapt\u00e9s \u00e0 votre rabot. Comparez par exemple les photos du produit aux fers qui ont \u00e9t\u00e9 fournis avec votre dispositif. En effet, Zipper ZI-HB204 a plusieurs mod\u00e8les de rabots. Un mod\u00e8le est con\u00e7u pour les fers de 210x22x1,8mm (4 rondes, 2 rectangulaires), un autre mod\u00e8le pour les fers de 210\u00d716,5\u00d71,5mm (qui a deux trous).<\/span><\/p>\n","protected":false},"featured_media":12305,"template":"","meta":[],"product_brand":[],"product_cat":[817,1408,1198],"product_tag":[4314],"class_list":{"0":"post-10265","1":"product","2":"type-product","3":"status-publish","4":"has-post-thumbnail","6":"product_cat-fers-de-rabot-par-marques","7":"product_cat-pour-raboteuse-degauchisseuse-zipper-zi-hb204","8":"product_cat-lames-fers-de-degauchisseuse-et-rabot-pour-zipper","9":"product_tag-210x16-fr","11":"first","12":"instock","13":"taxable","14":"shipping-taxable","15":"purchasable","16":"product-type-simple"},"jetpack_sharing_enabled":true,"_links":{"self":[{"href":"https:\/\/helliston.eu\/fr\/wp-json\/wp\/v2\/product\/10265","targetHints":{"allow":["GET"]}}],"collection":[{"href":"https:\/\/helliston.eu\/fr\/wp-json\/wp\/v2\/product"}],"about":[{"href":"https:\/\/helliston.eu\/fr\/wp-json\/wp\/v2\/types\/product"}],"wp:featuredmedia":[{"embeddable":true,"href":"https:\/\/helliston.eu\/fr\/wp-json\/wp\/v2\/media\/12305"}],"wp:attachment":[{"href":"https:\/\/helliston.eu\/fr\/wp-json\/wp\/v2\/media?parent=10265"}],"wp:term":[{"taxonomy":"product_brand","embeddable":true,"href":"https:\/\/helliston.eu\/fr\/wp-json\/wp\/v2\/product_brand?post=10265"},{"taxonomy":"product_cat","embeddable":true,"href":"https:\/\/helliston.eu\/fr\/wp-json\/wp\/v2\/product_cat?post=10265"},{"taxonomy":"product_tag","embeddable":true,"href":"https:\/\/helliston.eu\/fr\/wp-json\/wp\/v2\/product_tag?post=10265"}],"curies":[{"name":"wp","href":"https:\/\/api.w.org\/{rel}","templated":true}]}}