{"id":10250,"date":"2022-01-28T19:30:11","date_gmt":"2022-01-28T19:30:12","guid":{"rendered":"https:\/\/helliston.eu\/?post_type=product&#038;p=10250"},"modified":"2023-03-12T15:20:09","modified_gmt":"2023-03-12T15:20:09","slug":"hss-lames-fers-de-rabot-210mm-pour-titan-ttb342bte-1500w-210x165x15mm-2-pieces","status":"publish","type":"product","link":"https:\/\/helliston.eu\/fr\/produit\/hss-lames-fers-de-rabot-210mm-pour-titan-ttb342bte-1500w-210x165x15mm-2-pieces\/","title":{"rendered":"Fers de rabot pour TITAN TTB342BTE 1500W, HSS, 210&#215;16,5&#215;1,5mm"},"content":{"rendered":"","protected":false},"excerpt":{"rendered":"<p>Fers de rabot pour le raboteuse-d\u00e9gauchisseuse TITAN TTB342BTE 1500W, 210 x 16,5 x1,5mm. 2 lames\/ paquet. Fabriqu\u00e9 \u00e0 partir d&rsquo;acier rapide HSS de haute qualit\u00e9, duret\u00e9 Rockwell: 63-64HRC. R\u00e9aff\u00fbtables. Pour plus d&rsquo;information, voyez plus bas.<\/p>\n","protected":false},"featured_media":12277,"template":"","meta":[],"product_brand":[],"product_cat":[817,2783,2788],"product_tag":[4314],"class_list":{"0":"post-10250","1":"product","2":"type-product","3":"status-publish","4":"has-post-thumbnail","6":"product_cat-fers-de-rabot-par-marques","7":"product_cat-fers-lames-de-rabot-pour-titan","8":"product_cat-pour-rabot-titan-ttb342bte","9":"product_tag-210x16-fr","11":"first","12":"instock","13":"taxable","14":"shipping-taxable","15":"purchasable","16":"product-type-simple"},"jetpack_sharing_enabled":true,"_links":{"self":[{"href":"https:\/\/helliston.eu\/fr\/wp-json\/wp\/v2\/product\/10250","targetHints":{"allow":["GET"]}}],"collection":[{"href":"https:\/\/helliston.eu\/fr\/wp-json\/wp\/v2\/product"}],"about":[{"href":"https:\/\/helliston.eu\/fr\/wp-json\/wp\/v2\/types\/product"}],"wp:featuredmedia":[{"embeddable":true,"href":"https:\/\/helliston.eu\/fr\/wp-json\/wp\/v2\/media\/12277"}],"wp:attachment":[{"href":"https:\/\/helliston.eu\/fr\/wp-json\/wp\/v2\/media?parent=10250"}],"wp:term":[{"taxonomy":"product_brand","embeddable":true,"href":"https:\/\/helliston.eu\/fr\/wp-json\/wp\/v2\/product_brand?post=10250"},{"taxonomy":"product_cat","embeddable":true,"href":"https:\/\/helliston.eu\/fr\/wp-json\/wp\/v2\/product_cat?post=10250"},{"taxonomy":"product_tag","embeddable":true,"href":"https:\/\/helliston.eu\/fr\/wp-json\/wp\/v2\/product_tag?post=10250"}],"curies":[{"name":"wp","href":"https:\/\/api.w.org\/{rel}","templated":true}]}}