{"id":10197,"date":"2022-01-28T19:00:33","date_gmt":"2022-01-28T19:00:34","guid":{"rendered":"https:\/\/helliston.eu\/?post_type=product&#038;p=10197"},"modified":"2023-03-12T15:20:27","modified_gmt":"2023-03-12T15:20:27","slug":"hss-lames-fers-de-rabot-210mm-pour-pow-x204-x204a-210x165x15mm-2-pieces","status":"publish","type":"product","link":"https:\/\/helliston.eu\/fr\/produit\/hss-lames-fers-de-rabot-210mm-pour-pow-x204-x204a-210x165x15mm-2-pieces\/","title":{"rendered":"Fers de rabot pour POW X204, X204A, HSS, 210&#215;16,5&#215;1,5mm"},"content":{"rendered":"","protected":false},"excerpt":{"rendered":"<p>Fers de rabot pour le raboteuse-d\u00e9gauchisseuse POW X204, X204A, 210 x 16,5 x1,5mm. 2 lames\/ paquet. Fabriqu\u00e9 \u00e0 partir d&rsquo;acier rapide HSS de haute qualit\u00e9, duret\u00e9 Rockwell: 63-64HRC. R\u00e9aff\u00fbtables. Pour plus d&rsquo;information, voyez plus bas.<\/p>\n","protected":false},"featured_media":12165,"template":"","meta":[],"product_brand":[],"product_cat":[817,1349,1350,1179],"product_tag":[4314],"class_list":{"0":"post-10197","1":"product","2":"type-product","3":"status-publish","4":"has-post-thumbnail","6":"product_cat-fers-de-rabot-par-marques","7":"product_cat-pour-raboteuse-degauchisseuse-powerplus-pow-x204","8":"product_cat-pour-raboteuse-degauchisseuse-powerplus-pow-x204a","9":"product_cat-lames-fers-de-degauchisseuse-et-rabot-pour-powerplus-pow","10":"product_tag-210x16-fr","12":"first","13":"instock","14":"taxable","15":"shipping-taxable","16":"purchasable","17":"product-type-simple"},"jetpack_sharing_enabled":true,"_links":{"self":[{"href":"https:\/\/helliston.eu\/fr\/wp-json\/wp\/v2\/product\/10197","targetHints":{"allow":["GET"]}}],"collection":[{"href":"https:\/\/helliston.eu\/fr\/wp-json\/wp\/v2\/product"}],"about":[{"href":"https:\/\/helliston.eu\/fr\/wp-json\/wp\/v2\/types\/product"}],"wp:featuredmedia":[{"embeddable":true,"href":"https:\/\/helliston.eu\/fr\/wp-json\/wp\/v2\/media\/12165"}],"wp:attachment":[{"href":"https:\/\/helliston.eu\/fr\/wp-json\/wp\/v2\/media?parent=10197"}],"wp:term":[{"taxonomy":"product_brand","embeddable":true,"href":"https:\/\/helliston.eu\/fr\/wp-json\/wp\/v2\/product_brand?post=10197"},{"taxonomy":"product_cat","embeddable":true,"href":"https:\/\/helliston.eu\/fr\/wp-json\/wp\/v2\/product_cat?post=10197"},{"taxonomy":"product_tag","embeddable":true,"href":"https:\/\/helliston.eu\/fr\/wp-json\/wp\/v2\/product_tag?post=10197"}],"curies":[{"name":"wp","href":"https:\/\/api.w.org\/{rel}","templated":true}]}}