{"id":10184,"date":"2022-01-28T19:00:26","date_gmt":"2022-01-28T19:00:27","guid":{"rendered":"https:\/\/helliston.eu\/?post_type=product&#038;p=10184"},"modified":"2023-03-12T15:20:37","modified_gmt":"2023-03-12T15:20:37","slug":"hss-lames-fers-de-rabot-210mm-pour-jet-jpt-8b-m-210x165x15mm-2-pieces","status":"publish","type":"product","link":"https:\/\/helliston.eu\/fr\/produit\/hss-lames-fers-de-rabot-210mm-pour-jet-jpt-8b-m-210x165x15mm-2-pieces\/","title":{"rendered":"Fers de rabot pour JET JPT-8B-M, HSS, 210&#215;16,5&#215;1,5mm"},"content":{"rendered":"","protected":false},"excerpt":{"rendered":"<p>Fers de rabot pour le raboteuse-d\u00e9gauchisseuse JET JPT-8B-M, 210 x 16,5 x1,5mm. 2 lames\/ paquet. Fabriqu\u00e9 \u00e0 partir d&rsquo;acier rapide HSS de haute qualit\u00e9, duret\u00e9 Rockwell: 63-64HRC. R\u00e9aff\u00fbtables. Pour plus d&rsquo;information, voyez plus bas.<\/p>\n","protected":false},"featured_media":12263,"template":"","meta":[],"product_brand":[],"product_cat":[1161,1288],"product_tag":[4314],"class_list":{"0":"post-10184","1":"product","2":"type-product","3":"status-publish","4":"has-post-thumbnail","6":"product_cat-lames-fers-de-degauchisseuse-et-rabot-pour-jet","7":"product_cat-pour-raboteuse-degauchisseuse-jet-jpt-8b-205mm","8":"product_tag-210x16-fr","10":"first","11":"instock","12":"taxable","13":"shipping-taxable","14":"purchasable","15":"product-type-simple"},"jetpack_sharing_enabled":true,"_links":{"self":[{"href":"https:\/\/helliston.eu\/fr\/wp-json\/wp\/v2\/product\/10184","targetHints":{"allow":["GET"]}}],"collection":[{"href":"https:\/\/helliston.eu\/fr\/wp-json\/wp\/v2\/product"}],"about":[{"href":"https:\/\/helliston.eu\/fr\/wp-json\/wp\/v2\/types\/product"}],"wp:featuredmedia":[{"embeddable":true,"href":"https:\/\/helliston.eu\/fr\/wp-json\/wp\/v2\/media\/12263"}],"wp:attachment":[{"href":"https:\/\/helliston.eu\/fr\/wp-json\/wp\/v2\/media?parent=10184"}],"wp:term":[{"taxonomy":"product_brand","embeddable":true,"href":"https:\/\/helliston.eu\/fr\/wp-json\/wp\/v2\/product_brand?post=10184"},{"taxonomy":"product_cat","embeddable":true,"href":"https:\/\/helliston.eu\/fr\/wp-json\/wp\/v2\/product_cat?post=10184"},{"taxonomy":"product_tag","embeddable":true,"href":"https:\/\/helliston.eu\/fr\/wp-json\/wp\/v2\/product_tag?post=10184"}],"curies":[{"name":"wp","href":"https:\/\/api.w.org\/{rel}","templated":true}]}}